{"id":5974,"date":"2019-11-19T17:10:05","date_gmt":"2019-11-19T17:10:05","guid":{"rendered":"http:\/\/stec.se\/?page_id=5974"},"modified":"2026-01-29T12:46:36","modified_gmt":"2026-01-29T12:46:36","slug":"fragor","status":"publish","type":"page","link":"https:\/\/stec.se\/en\/fragor\/","title":{"rendered":"FAQ"},"content":{"rendered":"<p>[et_pb_section fb_built=&#8221;1&#8243; _builder_version=&#8221;3.19.9&#8243;][et_pb_row _builder_version=&#8221;3.19.9&#8243;][et_pb_column type=&#8221;1_2&#8243; _builder_version=&#8221;3.19.9&#8243; parallax=&#8221;off&#8221; parallax_method=&#8221;on&#8221;][et_pb_text _builder_version=&#8221;3.19.9&#8243;]<\/p>\n<p><strong>V\u00e4lkommen till STEC h\u00e4r finns fr\u00e5gor och svar saknar du ngt s\u00e5 meila g\u00e4rna in din fr\u00e5ga f\u00f6r det \u00e4r oerh\u00f6rt viktigt med information speciellt om man \u00e4r ny f\u00f6rare inom bilsporten.\u00a0<\/strong><\/p>\n<p><strong><\/strong><\/p>\n<p><strong>Fr\u00e5gorna tar vi det feta textformatet och svaren under.\u00a0<\/strong><\/p>\n<p><strong><\/strong><\/p>\n<p><strong>Hej jag \u00e4r 15 \u00e5r och vill b\u00f6rja med Racing hur kan jag starta som racesugen ungdom?<\/strong><\/p>\n<p>B\u00f6rja t\u00e4nk enkelt. STEC Light \u00e4r det perfekta insteget h\u00e4r kan man k\u00f6ra helt vanliga bilar utan att g\u00f6ra n\u00e5gonting med dem p\u00e5 s\u00e4kra banor i lagom fart. Vi vill ocks\u00e5 g\u00e4rna att du ska g\u00e5 ungdomskurserna som du kan l\u00e4sa om <a href=\"http:\/\/stec.se\/stec-junior-satsningen\/\">h\u00e4r\u00a0<\/a><\/p>\n<p><strong>Hej jag \u00e4r 50 \u00e5r\u00a0 har aldrig t\u00e4vlat men gillar Racing och nu vill jag b\u00f6rja?<\/strong><\/p>\n<p>Det h\u00e4ftiga med racing \u00e4r att det \u00e4r n\u00e4stan \u00e5ldersl\u00f6st.\u00a0 V\u00e5ra yngsta f\u00f6rare \u00e4r fr\u00e5n 14 \u00e5r och de \u00e4ldsta en bit \u00f6ver 70 och dessa har en sak gemensamt. De har alla 1 g\u00e5ng k\u00f6rt sin f\u00f6rsta t\u00e4vling och alla minns den och vi har den bredden att s\u00e5 m\u00e5nga som m\u00f6jligt ska kunna vara med och k\u00f6ra s\u00e5 l\u00e4nge som m\u00f6jligt. Det \u00e4r vi otroligt glad \u00f6ver inom STEC Motorsport.\u00a0<\/p>\n<p><strong>Hej jag undrar vad beh\u00f6ver jag f\u00f6r personlig utrustning f\u00f6r att k\u00f6ra ?<\/strong><\/p>\n<p>Det finns inget som \u00e4r s\u00e5 viktigt som din s\u00e4kerhet och med overall handskar skor en bra hj\u00e4lm osv har du eld s\u00e4kerhet och samtidigt har du k\u00f6pt en utrustning som l\u00e4tt fungerar i 10 \u00e5r fram\u00e5t och du k\u00e4nner dig som en racingkung varje g\u00e5ng du kn\u00e4pper hj\u00e4lmen och knyter racing skorna. Ett helt fullst\u00e4ndigt paket kostar 2.995 kronor eller hyr detta i b\u00f6rjan f\u00f6r 500 kronor.\u00a0<\/p>\n<p><strong>Vad tycker ni att jag ska b\u00f6rja med f\u00f6r bil ?\u00a0<\/strong><\/p>\n<p>Det finns inget enkelt svar p\u00e5 detta d\u00e5 som f\u00f6rare finns s\u00e5 m\u00e5nga olika viljor och tankar. Men generellt svar bilen ska inte kosta mer \u00e4n halva budgeten f\u00f6r \u00e5ret och l\u00e5t oss utveckla svaret!\u00a0 STEC bygger p\u00e5 Breddracing eller hobbyracing som \u00e4r samma sak. M\u00e5nga ska kunna vara med och d\u00e4rf\u00f6r \u00e4r regelverket s\u00e5 konstruerat att du f\u00e5r k\u00f6ra med n\u00e4stan vad som helst men vissa regler r\u00e5der. Dessa bygger p\u00e5 s\u00e4kerhet men r\u00e4kna p\u00e5 att en budget serie kostar ca 50,000 kronor f\u00f6r 1 s\u00e4song d\u00e5 b\u00f6r inte bilens kostnad vara mer \u00e4n 25,000 kronor. Sen beror det s\u00e5 klart p\u00e5 om du ska k\u00f6ra sprint=ensam eller om ni ska k\u00f6ra 2-4-6 timmars alternativ som d\u00e5 sl\u00e5r ut kostnaden p\u00e5 bilen. Men om man k\u00f6r en budget bil s\u00e5 r\u00e4cker pengarna oftast l\u00e4ngre om man kan k\u00f6ra hela serien och vara med p\u00e5 alla race med reducerat \u00e5rskort<a href=\"http:\/\/stec.se\/anmalning\/\"> bokas h\u00e4r.<\/a><\/p>\n<p><strong>Vad beh\u00f6ver man med dig till en t\u00e4vling eller tr\u00e4ning ?\u00a0<\/strong><\/p>\n<p>Det finns en regel inom STEC dep\u00e5omr\u00e5de?\u00a0 \u00a0Vi hj\u00e4lps \u00e5t!!!! Vissa team har med sig en trailer full med grejer andra kommer med en presenning som milj\u00f6matta en brandsl\u00e4ckare ett par reservd\u00e4ck en verktygsl\u00e5da och pallbockar.\u00a0 N\u00e5gra tar med sig stolar husvagnar och bygger en minicamping. Medans de flesta kommer p\u00e5 morgonen och \u00e5ker hem p\u00e5 kv\u00e4llen.\u00a0 Men \u00e5ter h\u00e4r s\u00e5 tipsar vi om att b\u00f6rja enkelt f\u00f6r man beh\u00f6ver s\u00e4llan sl\u00e4pa med sig en komplett verkstad eller ha med ingenj\u00f6rer inom STEC.\u00a0 \u00a0\u00a0<strong><\/strong><\/p>\n<p><strong>Kan man f\u00e5 g\u00e5 n\u00e5gra kurser i att meka och att k\u00f6ra racing ?<\/strong><\/p>\n<p>Absolut STEC har b\u00e5de mek och racingkurser. Framf\u00f6r allt \u00e4r vi k\u00e4nda f\u00f6r v\u00e5ra utbildningsdagar med f\u00f6rarcoachning som \u00e4r perfekt att k\u00f6ra med instrukt\u00f6r om detta.<strong><\/strong><\/p>\n<p><strong>Kan man f\u00e5 komma och kolla hur detta funkar utan att k\u00f6ra och boka n\u00e5got?\u00a0<\/strong><\/p>\n<p>J\u00e4tteg\u00e4rna kom men h\u00f6r g\u00e4rna av dig s\u00e5 kan vi ordna s\u00e5 du f\u00e5r en guidning med information.\u00a0 f\u00f6r det \u00e4r j\u00e4ttebra att komma och studera hur allt fungerar.<\/p>\n<p><strong>Hur \u00e4r k\u00f6rningen ? \u00c4r det mycket krascher och hur fort k\u00f6r man i STEC?<\/strong><\/p>\n<p>Respekt \u00e4r v\u00e4ldigt viktigt ord p\u00e5 f\u00f6rarm\u00f6tet och under racet. Vi ska INTE k\u00f6ra p\u00e5 varann utan visa h\u00e4nsyn. Sl\u00e4pp f\u00f6rbi snabbare f\u00f6rare och kolla hur de k\u00f6r och ta rygg och det \u00e4r alltid roligare att jaga \u00e4n att bli jagad runt banan.\u00a0 Farten \u00e4r som oftast i racing s\u00e5 fort man kan men i l\u00e5nglopp m\u00e5ste man spara p\u00e5 d\u00e4ck bromsar och gl\u00f6m ej att motorbromsen \u00e4r din b\u00e4sta v\u00e4n i Endurance.<\/p>\n<p><strong>Jag \u00e4r ensam men vill g\u00e4rna k\u00f6ra i team hur ska jag g\u00f6ra ?\u00a0<\/strong><\/p>\n<p>Stec bygger n\u00e4tverk s\u00e5 du kan vara ensam eller komma med hela firman eller familjen och vara med och k\u00f6ra STEC Det \u00e4r f\u00f6r oss viktigt att alla f\u00e5r vara med<span style=\"font-size: 14px;\">\u00a0<\/span><\/p>\n<p><strong>Kan jag k\u00f6pa ett presentkort och l\u00e5ta andra k\u00f6ra som just present?<\/strong><\/p>\n<p>Absolut det \u00e4r en mycket uppskattad present att kunna ge bort.\u00a0<strong><\/strong><\/p>\n<p><strong>Finns det mat kaffe och n\u00e5got f\u00f6r oss som kommer som publik ?<\/strong><\/p>\n<p>Vad kul om ni kommer och vi ordnar alltid b\u00e4sta sittplatserna och det finns alltid mat och dryck p\u00e5 banorna under STEC vill arenorna alltid fixa lite extra.\u00a0<strong><\/strong><\/p>\n<p><strong>Hur betalar man f\u00f6r att vara med och k\u00f6ra ?<\/strong><\/p>\n<p>STEC tillhandah\u00e5ller alla sorters format av betall\u00f6sningar och vill ni f\u00e5 faktura s\u00e5 inga problem men anm\u00e4l er i tid s\u00e5 vi hinner ordna allt med detta.\u00a0<strong><\/strong><\/p>\n<p><strong>Kan man skaffa racing Licens genom stec och kan jag k\u00f6ra med min gamla Licens ??\u00a0<\/strong><\/p>\n<p>Vi r\u00e5der alla att skaffa sig kunskap genom att g\u00e5 STEC f\u00f6rarutbildning oavsett tidigare f\u00f6rarkunskaper. STEC satsar alltid p\u00e5 att ha v\u00e4ldigt kompetent kursledare.\u00a0 Licens \u00e4r ett krav ett krav att k\u00f6ra racingbil d\u00e5 den omfattar den viktiga motort\u00e4vlingsf\u00f6rs\u00e4kringen som \u00e4r en lag att ha f\u00f6r motorsport.\u00a0 Har du annan Licens s\u00e5 prata med oss om den s\u00e5 f\u00e5r vi utf\u00e4rda en Licens efter kunskapsniv\u00e5.\u00a0 Men det l\u00f6ser sig alltid oavsett vad s\u00e5 kastar vi inte ut folk fr\u00e5n banan utan vi utbildar ist\u00e4llet f\u00f6r exkluderar f\u00f6rare.\u00a0\u00a0<\/p>\n<p><strong>STEC kan man k\u00f6ra\u00a0 , Time-Attack , grusbana ?\u00a0<\/strong><\/p>\n<p>Stec samverkar med flera olika duktiga arrang\u00f6rer inom mycket blandad bilsport. Vill du k\u00f6ra grus s\u00e5 kontakta <strong><a href=\"https:\/\/www.krutcupen.se\">www.krutcupen.se<\/a><\/strong><span style=\"font-size: 14px;\"><\/span><\/p>\n<p><strong>Detta med R\u00e4ttvis racing vad menar ni med detta ?\u00a0<\/strong><\/p>\n<p>STEC arbetar f\u00f6r att f\u00e5 fram en s\u00e5 r\u00e4ttvis racing som m\u00f6jligt.\u00a0 Detta f\u00f6r att man ska kunna som f\u00f6rare kunna vara skillnaden och inte enbart en materialsport \u00e4ven om detta naturligtvis \u00e4r en stor del av insatsen som vi kallar garagekunskapen.\u00a0 \u00a0Vi m\u00e4ter vikten p\u00e5 bilen och m\u00e4ter h\u00e4stkraften och p\u00e5 s\u00e5 s\u00e4tt f\u00e5r vi fram ett nummer som vi sen klassar in i 3 olika klasser Snabb , Snabbare ,snabbast.\u00a0 och p\u00e5 s\u00e5 s\u00e4tt f\u00e5r du t\u00e4vla emot ungef\u00e4r lika snabba bilar som din egen.\u00a0 l\u00e4s mer om detta p\u00e5 sidan som heter just &#8221; R\u00e4ttvis racing&#8221;\u00a0 <a href=\"http:\/\/stec.se\/stec-rattvis-racing\/\">klicka\u00a0<\/a><strong><\/strong><\/p>\n<p><strong>STEC har ni fulla f\u00f6rs\u00e4kringar och sjukv\u00e5rden ber\u00e4tta om den ?<\/strong><\/p>\n<p><span style=\"font-size: 14px;\">STEC har lagt mycket energi p\u00e5 att hela tiden arbeta med det f\u00f6rb\u00e4ttringsarbete som \u00e4r ett levande forum. P\u00e5 varje t\u00e4vling finns exempelvis sjukv\u00e5rd , r\u00e4ddningsbil , och en mycket kompetent funktion\u00e4rsstab. Fullst\u00e4ndiga motort\u00e4vlingsf\u00f6rs\u00e4kringar finns b\u00e5de f\u00f6r f\u00f6rare och tredje part genom Folksam.\u00a0 V\u00e5rt tips \u00e4r att kom ut och bes\u00f6k en t\u00e4vling och bekanta dig med r\u00e4ddning och funktion\u00e4rer och vi hj\u00e4lper \u00e4ven andra f\u00f6reningar med detta l\u00e4s mer p\u00e5 <\/span><a href=\"http:\/\/stec.se\/sjukvard\/\" style=\"font-size: 14px;\">klicka\u00a0<\/a><\/p>\n<p><strong>Finns STEC p\u00e5 facebook och sociala medier kan jag finna er d\u00e4r ?\u00a0<\/strong><\/p>\n<p>STEC finns som sida\u00a0 <a href=\"https:\/\/www.facebook.com\/stec.se\/\">klicka<\/a> f\u00f6r att komma dit.<strong><\/strong><\/p>\n<p>STEC finns som grupp f\u00f6r racingen<a href=\"https:\/\/www.facebook.com\/events\/603294357077484\/\"> klicka<\/a> f\u00f6r att komma dit\u00a0<\/p>\n<p>STEC finns som grupp f\u00f6r Light <a href=\"https:\/\/www.facebook.com\/events\/257250721627093\/\">klicka<\/a> f\u00f6r att komma dit\u00a0<\/p>\n<p>STEC finns med egen Youtube kanal <a href=\"https:\/\/www.youtube.com\/channel\/UCDVUJW8_XusVy4s24maWzlg\">klicka<\/a> f\u00f6r att titta d\u00e4r\u00a0<\/p>\n<p>STEC finns p\u00e5 Instagram <a href=\"https:\/\/www.instagram.com\/stecmotorsport\/\">klicka\u00a0<\/a><\/p>\n<p>STEC finns p\u00e5 Twitter<a href=\"https:\/\/twitter.com\/stecmotorsport\"> klicka\u00a0<\/a><\/p>\n<p>Totals 1000 tals f\u00f6ljare p\u00e5 de sociala medierna det \u00e4r roligt.\u00a0<\/p>\n<p><strong>Kan man v\u00e4lja att k\u00f6ra 1 eller 2 lopp eller m\u00e5ste man k\u00f6ra samtliga?<\/strong><\/p>\n<p>Det \u00e4r helt fritt att v\u00e4lja vilka race som passar dig\/er b\u00e4st absolut.\u00a0<\/p>\n<p><strong>Kan man verkligen vara med och t\u00e4vla utan att vara miljon\u00e4r?<\/strong><\/p>\n<p>Absout<span>\u00a0STEC\u00a0 motorsport \u00e4r ekonomirace. Bilarna \u00e4r\u00a0<\/span><span style=\"font-size: 14px;\">roliga att k\u00f6ra, och man f\u00e5r verkligen valuta p\u00e5 f\u00f6r pengarna. Bilen och din personliga s\u00e4kerhetsutrustning \u00e4r ju en eng\u00e5ngskostnad. . Delar till bilen \u00e4r f\u00f6rh\u00e5llandevis billiga och de alla t\u00e4vlingar k\u00f6rs p\u00e5 en dag. S\u00e5 man beh\u00f6ver inte m\u00e5nga \u00f6vernattningar vid t\u00e4vlingar.\u00a0 \u00a0Bensin k\u00f6per du p\u00e5 bensinstationen.<\/span><\/p>\n<p><span style=\"font-size: 14px;\"><strong><\/strong><\/span><\/p>\n<p><strong>Har ni s\u00e5 man komma och prova detta utan f\u00f6rbeh\u00e5ll att k\u00f6pa n\u00e5got?<\/strong><\/p>\n<p>Absolut vi har vid varje t\u00e4vlingsdag m\u00f6jlighet att erbjuda k\u00f6rning med egen bil eller prova n\u00e5gon av v\u00e5ra bilar f\u00f6r du ska f\u00e5 en uppfattning av vad detta inneb\u00e4r. Anm\u00e4l dig minst 7 dagar innan p\u00e5 <a href=\"mailto:stec@stec.se\">stec@stec.se<\/a>.\u00a0<strong><\/strong><\/p>\n<p><strong>Jag vill inte k\u00f6ra men vill g\u00e4rna vara funktion\u00e4r g\u00e5r det bra ?<\/strong><\/p>\n<p>Absolut funktion\u00e4rer av olika slag \u00e4r en grundf\u00f6ruts\u00e4ttning f\u00f6r att det ska kunna bli n\u00e5gonting av detta. Anm\u00e4l dig g\u00e4rna p\u00e5<a href=\"stec@stec.se\"> stec@stec.se<\/a><strong><\/strong><\/p>\n<p><strong>Jag gillar att fota och filma g\u00e5r det bra att komma till STEC?<\/strong><\/p>\n<p>J\u00e4tteg\u00e4rna . Meila oss minst 7 dagar innan s\u00e5 utf\u00e4rdar vi press access.\u00a0<\/p>\n<p><strong>Saknar du n\u00e5got h\u00e4r under fr\u00e5gor och svar s\u00e5 g\u00e5r det bra att meila oss. stec@stec.se<\/strong><\/p>\n<p><strong><\/strong><\/p>\n<p>&nbsp;<\/p>\n<p>&nbsp;<\/p>\n<p>&nbsp;<\/p>\n<p>&nbsp;<\/p>\n<p>&nbsp;<\/p>\n<p><strong><\/strong><\/p>\n<p>&nbsp;<\/p>\n<p>&nbsp;<\/p>\n<p>&nbsp;<\/p>\n<p>&nbsp;<\/p>\n<p>&nbsp;<\/p>\n<p>&nbsp;<\/p>\n<p>&nbsp;<\/p>\n<p>&nbsp;<\/p>\n<p>&nbsp;<\/p>\n<p><strong><\/strong><\/p>\n<p>&nbsp;<\/p>\n<p>&nbsp;<\/p>\n<p>&nbsp;<\/p>\n<p>&nbsp;<\/p>\n<p>&nbsp;<\/p>\n<p>[\/et_pb_text][\/et_pb_column][et_pb_column type=&#8221;1_2&#8243; _builder_version=&#8221;3.19.9&#8243; parallax=&#8221;off&#8221; parallax_method=&#8221;on&#8221;][et_pb_image src=&#8221;http:\/\/media1.stec.se\/2019\/11\/STEC-Tierp-Arena-2019-10-05-179-1024&#215;683.jpg&#8221; _builder_version=&#8221;3.19.9&#8243;][\/et_pb_image][et_pb_image src=&#8221;http:\/\/media1.stec.se\/2019\/01\/22779529-BXDPl.jpg&#8221; force_fullwidth=&#8221;on&#8221; _builder_version=&#8221;3.19.9&#8243;][\/et_pb_image][et_pb_image src=&#8221;http:\/\/media1.stec.se\/2019\/06\/wettervik.jpg&#8221; _builder_version=&#8221;3.19.9&#8243;][\/et_pb_image][et_pb_image src=&#8221;http:\/\/media1.stec.se\/2019\/06\/tools.jpg&#8221; _builder_version=&#8221;3.19.9&#8243;][\/et_pb_image][et_pb_image src=&#8221;http:\/\/media1.stec.se\/2019\/10\/close-racing.jpg&#8221; _builder_version=&#8221;3.19.9&#8243;][\/et_pb_image][et_pb_image src=&#8221;http:\/\/media1.stec.se\/2019\/10\/glad-tjej.jpg&#8221; _builder_version=&#8221;3.19.9&#8243;][\/et_pb_image][et_pb_image src=&#8221;http:\/\/media1.stec.se\/2019\/07\/V-8.jpg&#8221; _builder_version=&#8221;3.19.9&#8243;][\/et_pb_image][et_pb_image src=&#8221;http:\/\/media1.stec.se\/2019\/11\/hk-test.jpg&#8221; _builder_version=&#8221;3.19.9&#8243;][\/et_pb_image][et_pb_image src=&#8221;http:\/\/media1.stec.se\/2019\/05\/funktion\u00e4rer-1.jpg&#8221; _builder_version=&#8221;3.19.9&#8243;][\/et_pb_image][et_pb_image src=&#8221;http:\/\/media1.stec.se\/2019\/09\/1000.jpg&#8221; _builder_version=&#8221;3.19.9&#8243;][\/et_pb_image][\/et_pb_column][\/et_pb_row][\/et_pb_section]<\/p>\n","protected":false},"excerpt":{"rendered":"<p>[et_pb_section fb_built=&#8221;1&#8243; _builder_version=&#8221;3.19.9&#8243;][et_pb_row _builder_version=&#8221;3.19.9&#8243;][et_pb_column type=&#8221;1_2&#8243; _builder_version=&#8221;3.19.9&#8243; parallax=&#8221;off&#8221; parallax_method=&#8221;on&#8221;][et_pb_text _builder_version=&#8221;3.19.9&#8243;] V\u00e4lkommen till STEC h\u00e4r finns fr\u00e5gor och svar saknar du ngt s\u00e5 meila g\u00e4rna in din fr\u00e5ga f\u00f6r det \u00e4r oerh\u00f6rt viktigt med information speciellt om man \u00e4r ny f\u00f6rare inom bilsporten.\u00a0 Fr\u00e5gorna tar vi det feta textformatet och svaren under.\u00a0 Hej jag \u00e4r 15 \u00e5r [&hellip;]<\/p>\n","protected":false},"author":2,"featured_media":0,"parent":0,"menu_order":0,"comment_status":"closed","ping_status":"closed","template":"","meta":{"_et_pb_use_builder":"on","_et_pb_old_content":"","footnotes":""},"class_list":["post-5974","page","type-page","status-publish","hentry"],"aioseo_notices":[],"_links":{"self":[{"href":"https:\/\/stec.se\/en\/wp-json\/wp\/v2\/pages\/5974","targetHints":{"allow":["GET"]}}],"collection":[{"href":"https:\/\/stec.se\/en\/wp-json\/wp\/v2\/pages"}],"about":[{"href":"https:\/\/stec.se\/en\/wp-json\/wp\/v2\/types\/page"}],"author":[{"embeddable":true,"href":"https:\/\/stec.se\/en\/wp-json\/wp\/v2\/users\/2"}],"replies":[{"embeddable":true,"href":"https:\/\/stec.se\/en\/wp-json\/wp\/v2\/comments?post=5974"}],"version-history":[{"count":29,"href":"https:\/\/stec.se\/en\/wp-json\/wp\/v2\/pages\/5974\/revisions"}],"predecessor-version":[{"id":15258,"href":"https:\/\/stec.se\/en\/wp-json\/wp\/v2\/pages\/5974\/revisions\/15258"}],"wp:attachment":[{"href":"https:\/\/stec.se\/en\/wp-json\/wp\/v2\/media?parent=5974"}],"curies":[{"name":"wp","href":"https:\/\/api.w.org\/{rel}","templated":true}]}}