{"id":25,"date":"2019-01-25T14:06:38","date_gmt":"2019-01-25T14:06:38","guid":{"rendered":"http:\/\/husbilskungen.com\/?page_id=25"},"modified":"2026-04-19T13:28:05","modified_gmt":"2026-04-19T13:28:05","slug":"hem","status":"publish","type":"page","link":"https:\/\/stec.se\/en\/","title":{"rendered":"HOME"},"content":{"rendered":"<p>[et_pb_section fb_built=&#8221;1&#8243; _builder_version=&#8221;3.19.9&#8243; custom_margin=&#8221;0px|||&#8221; custom_padding=&#8221;0px|||&#8221;][et_pb_row custom_padding=&#8221;27px|0px|0|0px|false|false&#8221; _builder_version=&#8221;3.19.9&#8243;][et_pb_column type=&#8221;1_2&#8243; _builder_version=&#8221;3.19.9&#8243; parallax=&#8221;off&#8221; parallax_method=&#8221;on&#8221;][et_pb_text _builder_version=&#8221;3.19.9&#8243;]<\/p>\n<p><a href=\"https:\/\/simplesignup.se\/event\/194778-finalbankett-2022\"><strong><\/strong><\/a><\/p>\n<p>[\/et_pb_text][et_pb_social_media_follow _builder_version=&#8221;3.19.9&#8243;][et_pb_social_media_follow_network social_network=&#8221;facebook&#8221; url=&#8221;https:\/\/www.facebook.com\/stecracing\/&#8221; _builder_version=&#8221;3.19.9&#8243; background_color=&#8221;#3b5998&#8243; follow_button=&#8221;off&#8221; url_new_window=&#8221;on&#8221;]facebook[\/et_pb_social_media_follow_network][et_pb_social_media_follow_network social_network=&#8221;twitter&#8221; url=&#8221;https:\/\/twitter.com\/stecracing&#8221; _builder_version=&#8221;3.19.9&#8243; background_color=&#8221;#00aced&#8221; follow_button=&#8221;off&#8221; url_new_window=&#8221;on&#8221;]twitter[\/et_pb_social_media_follow_network][et_pb_social_media_follow_network social_network=&#8221;instagram&#8221; url=&#8221;https:\/\/www.instagram.com\/stecracing\/&#8221; _builder_version=&#8221;3.19.9&#8243; background_color=&#8221;#ea2c59&#8243; follow_button=&#8221;off&#8221; url_new_window=&#8221;on&#8221;]instagram[\/et_pb_social_media_follow_network][et_pb_social_media_follow_network social_network=&#8221;youtube&#8221; url=&#8221;https:\/\/www.youtube.com\/@stecracing\/videos&#8221; _builder_version=&#8221;3.19.9&#8243; background_color=&#8221;#a82400&#8243; follow_button=&#8221;off&#8221; url_new_window=&#8221;on&#8221;]youtube[\/et_pb_social_media_follow_network][et_pb_social_media_follow_network social_network=&#8221;facebook&#8221; url=&#8221;https:\/\/www.facebook.com\/profile.php?id=100063474519956&#8243; _builder_version=&#8221;3.19.9&#8243; background_color=&#8221;#3b5998&#8243; follow_button=&#8221;off&#8221; url_new_window=&#8221;on&#8221;]facebook[\/et_pb_social_media_follow_network][\/et_pb_social_media_follow][et_pb_text _builder_version=&#8221;3.19.9&#8243;]<\/p>\n<p><strong>STEC\u00a0 \u00a0Svenska M\u00e4starna men \u00e4ven fr\u00e5n\u00a0 Nordiska Racing Championship i endurance.<\/strong><\/p>\n<p><strong>2-4-6 Timmars l\u00e5nglopp.<\/strong><\/p>\n<p><strong>3 Klasser A-B-C\u00a0 Balance of performance skapar r\u00e4ttvis racing.<\/strong><\/p>\n<p><strong style=\"font-size: 14px;\">Historic Racing bilar byggda 1995 och \u00e4ldre <a href=\"https:\/\/stec.se\/historisk-racing\/\"><span style=\"text-decoration: underline;\"><em>Klicka\u00a0<\/em><\/span><\/a><\/strong><\/p>\n<p><strong><em><span style=\"text-decoration: underline;\"><\/span><\/em><\/strong><\/p>\n<p><strong>Grundregler p\u00e5 bil= Bur,Stol, B\u00e4lte f\u00f6r bilsport.<\/strong><\/p>\n<p><strong>Svenska M\u00e4sterskapet ( 4 fr\u00e4msta resultaten )\u00a0<\/strong><\/p>\n<p><strong>Skandinaviska M\u00e4sterskapet ( 6 Fr\u00e4msta resultaten)\u00a0<\/strong><\/p>\n<p><strong>V\u00e4lkommen till STEC 2026 v\u00e5r m\u00e5ls\u00e4ttning \u00e4r att du som f\u00f6rare kan k\u00f6ra en racing som passar b\u00e5de bredd&amp;elit\u00a0\u00a0<\/strong><\/p>\n<p><strong>Enkla tydliga regler och l\u00e5ng erfarenhet av arrang\u00f6rsskap bygger p\u00e5 en bra samverkan mellan team , f\u00f6rare , samverkanspartners , publik , ban\u00e4gare. D\u00e5 bildas en fin racingkultur.\u00a0<\/strong><\/p>\n<p>[\/et_pb_text][et_pb_video src=&#8221;https:\/\/media1.stec.se\/2025\/12\/2026-stec-info-1.mp4&#8243; _builder_version=&#8221;3.19.9&#8243;][\/et_pb_video][et_pb_image src=&#8221;https:\/\/www.canva.com\/design\/DAG6d3pH9W0\/NTFNoSn-o5hVItoTqOuVBg\/view?utm_content=DAG6d3pH9W0&#038;utm_campaign=designshare&#038;utm_medium=link2&#038;utm_source=uniquelinks&#038;utlId=h8dd56234ce&#8221; _builder_version=&#8221;3.19.9&#8243;][\/et_pb_image][et_pb_text _builder_version=&#8221;3.19.9&#8243;]<\/p>\n<p>S\u00f6ker nu f\u00f6rare &amp; bil\u00e4gare inf\u00f6r 2026.<\/p>\n<p>Klicka f\u00f6r kontakt p\u00e5 <a href=\"mailto:stec@stec.se\">e-mail stec@stec.se<\/a><\/p>\n<p>Pay&amp;drive koncept perfekt racing paket<a href=\"https:\/\/stec.se\/pay-drive\/\"><span style=\"text-decoration: underline;\"> klicka<\/span><\/a><\/p>\n<p>&nbsp;<\/p>\n<p>[\/et_pb_text][et_pb_image src=&#8221;https:\/\/media1.stec.se\/2026\/02\/Gratis-licens-1-1.png&#8221; _builder_version=&#8221;3.19.9&#8243;][\/et_pb_image][et_pb_text _builder_version=&#8221;3.19.9&#8243;][\/et_pb_text][et_pb_text _builder_version=&#8221;3.19.9&#8243;][\/et_pb_text][et_pb_text _builder_version=&#8221;3.19.9&#8243;]<\/p>\n<p>Prenumerera g\u00e4rna p\u00e5 stec youtubekanal <a href=\"https:\/\/www.youtube.com\/@stecracing\"><em><strong>klicka\u00a0<\/strong><\/em><\/a><\/p>\n<p>[\/et_pb_text][\/et_pb_column][et_pb_column type=&#8221;1_2&#8243; _builder_version=&#8221;3.19.9&#8243; parallax=&#8221;off&#8221; parallax_method=&#8221;on&#8221;][et_pb_countdown_timer title=&#8221;16 maj Link\u00f6ping Sviestad &#8221; date_time=&#8221;2026-05-16 14:35&#8243; disabled_on=&#8221;off|off|off&#8221; _builder_version=&#8221;3.19.9&#8243; header_font=&#8221;|800|||||||&#8221; header_font_size=&#8221;25&#8243; numbers_font=&#8221;|700|||||||&#8221; numbers_text_shadow_style=&#8221;preset1&#8243; label_font=&#8221;|700|||||||&#8221; use_background_color_gradient=&#8221;on&#8221; background_color_gradient_start=&#8221;#c1c1c1&#8243; background_color_gradient_end=&#8221;#130ab5&#8243; background_image=&#8221;http:\/\/media1.stec.se\/2019\/01\/ca-1170-new-2011-rgb-b.jpg&#8221; border_radii=&#8221;on|1px|1px|1px|1px&#8221; text_shadow_style=&#8221;preset1&#8243; link_option_url=&#8221;https:\/\/stec.se\/anmalning&#8221;][\/et_pb_countdown_timer][et_pb_countdown_timer title=&#8221;30 maj F\u00e4llfors Motorshow &#8221; date_time=&#8221;2026-05-30 14:35&#8243; disabled_on=&#8221;off|off|off&#8221; _builder_version=&#8221;3.19.9&#8243; header_font=&#8221;|800|||||||&#8221; header_font_size=&#8221;25&#8243; numbers_font=&#8221;|700|||||||&#8221; numbers_text_shadow_style=&#8221;preset1&#8243; label_font=&#8221;|700|||||||&#8221; use_background_color_gradient=&#8221;on&#8221; background_color_gradient_start=&#8221;#c1c1c1&#8243; background_color_gradient_end=&#8221;#130ab5&#8243; background_image=&#8221;http:\/\/media1.stec.se\/2019\/01\/ca-1170-new-2011-rgb-b.jpg&#8221; border_radii=&#8221;on|1px|1px|1px|1px&#8221; text_shadow_style=&#8221;preset1&#8243; link_option_url=&#8221;https:\/\/stec.se\/anmalning&#8221;][\/et_pb_countdown_timer][et_pb_countdown_timer title=&#8221;Tierp Arena denna h\u00e4ftiga multiarena 13 Juni Tierp Arena Motorfest                        &#8221; date_time=&#8221;2026-06-13 09:06&#8243; disabled_on=&#8221;off|off|off&#8221; _builder_version=&#8221;3.19.9&#8243; header_font=&#8221;|800|||||||&#8221; header_font_size=&#8221;25&#8243; numbers_font=&#8221;|700|||||||&#8221; numbers_text_shadow_style=&#8221;preset1&#8243; label_font=&#8221;|700|||||||&#8221; use_background_color_gradient=&#8221;on&#8221; background_color_gradient_start=&#8221;#c1c1c1&#8243; background_color_gradient_end=&#8221;#130ab5&#8243; background_image=&#8221;http:\/\/media1.stec.se\/2019\/01\/ca-1170-new-2011-rgb-b.jpg&#8221; border_radii=&#8221;on|1px|1px|1px|1px&#8221; text_shadow_style=&#8221;preset1&#8243; link_option_url=&#8221;https:\/\/stec.se\/anmalning&#8221;][\/et_pb_countdown_timer][et_pb_countdown_timer title=&#8221;Sista helgen i Juli alltid p\u00e5 Mittsverigebanan   25-26 Juli                               &#8221; date_time=&#8221;2026-07-25 09:06&#8243; disabled_on=&#8221;off|off|off&#8221; _builder_version=&#8221;3.19.9&#8243; header_font=&#8221;|800|||||||&#8221; header_font_size=&#8221;25&#8243; numbers_font=&#8221;|700|||||||&#8221; numbers_text_shadow_style=&#8221;preset1&#8243; label_font=&#8221;|700|||||||&#8221; use_background_color_gradient=&#8221;on&#8221; background_color_gradient_start=&#8221;#c1c1c1&#8243; background_color_gradient_end=&#8221;#130ab5&#8243; background_image=&#8221;http:\/\/media1.stec.se\/2019\/01\/ca-1170-new-2011-rgb-b.jpg&#8221; border_radii=&#8221;on|1px|1px|1px|1px&#8221; text_shadow_style=&#8221;preset1&#8243; link_option_url=&#8221;https:\/\/stec.se\/anmalning&#8221;][\/et_pb_countdown_timer][et_pb_countdown_timer title=&#8221;V\u00e5lerbanan Norge 29 augusti                            &#8221; date_time=&#8221;2026-08-29 09:06&#8243; disabled_on=&#8221;off|off|off&#8221; _builder_version=&#8221;3.19.9&#8243; header_font=&#8221;|800|||||||&#8221; header_font_size=&#8221;25&#8243; numbers_font=&#8221;|700|||||||&#8221; numbers_text_shadow_style=&#8221;preset1&#8243; label_font=&#8221;|700|||||||&#8221; use_background_color_gradient=&#8221;on&#8221; background_color_gradient_start=&#8221;#c1c1c1&#8243; background_color_gradient_end=&#8221;#130ab5&#8243; background_image=&#8221;http:\/\/media1.stec.se\/2019\/01\/ca-1170-new-2011-rgb-b.jpg&#8221; border_radii=&#8221;on|1px|1px|1px|1px&#8221; text_shadow_style=&#8221;preset1&#8243; link_option_url=&#8221;https:\/\/stec.se\/anmalning&#8221;][\/et_pb_countdown_timer][et_pb_countdown_timer title=&#8221;Svenska  \u00f6ppna L\u00e5ngloppsfinalen 26 september Kinnekulle.                                 Nu ska m\u00e4sterskapet avg\u00f6ras    med dubbla varvpo\u00e4ng i finalen                                   &#8221; date_time=&#8221;2026-09-26 09:06&#8243; disabled_on=&#8221;off|off|off&#8221; _builder_version=&#8221;3.19.9&#8243; header_font=&#8221;|800|||||||&#8221; header_font_size=&#8221;25&#8243; numbers_font=&#8221;|700|||||||&#8221; numbers_text_shadow_style=&#8221;preset1&#8243; label_font=&#8221;|700|||||||&#8221; use_background_color_gradient=&#8221;on&#8221; background_color_gradient_start=&#8221;#c1c1c1&#8243; background_color_gradient_end=&#8221;#130ab5&#8243; background_image=&#8221;http:\/\/media1.stec.se\/2019\/01\/ca-1170-new-2011-rgb-b.jpg&#8221; border_radii=&#8221;on|1px|1px|1px|1px&#8221; text_shadow_style=&#8221;preset1&#8243; link_option_url=&#8221;https:\/\/stec.se\/anmalning&#8221;][\/et_pb_countdown_timer][et_pb_image src=&#8221;https:\/\/media1.stec.se\/2026\/01\/Endurance-2026.png&#8221; align=&#8221;center&#8221; _builder_version=&#8221;3.19.9&#8243;][\/et_pb_image][et_pb_image src=&#8221;https:\/\/media1.stec.se\/2025\/02\/qr-code-stec.png&#8221; align=&#8221;center&#8221; _builder_version=&#8221;3.19.9&#8243;][\/et_pb_image][et_pb_text _builder_version=&#8221;3.19.9&#8243;]<\/p>\n<p><strong>STEC Timing system med Qr kod direkt till Live timing eller <a href=\"https:\/\/my.raceresult.com\/groups\/6365\/\"><em>klicka<\/em><\/a> h\u00e4r\u00a0<\/strong><\/p>\n<p style=\"text-align: right;\"><strong><\/strong><\/p>\n<p style=\"text-align: center;\"><strong>Tider info f\u00f6r Mantorp premi\u00e4r qr kod eller L\u00e4nk <a href=\"https:\/\/www.canva.com\/design\/DAG_sSP1sSI\/Da9nlfWKl-0xiOtfgkffYg\/view?utm_content=DAG_sSP1sSI&amp;utm_campaign=designshare&amp;utm_medium=link2&amp;utm_source=uniquelinks&amp;utlId=he4a0d345f9\">Klicka<\/a> h\u00e4r\u00a0<\/strong><\/p>\n<p><strong><\/strong><\/p>\n<p>[\/et_pb_text][et_pb_text _builder_version=&#8221;3.19.9&#8243;]<\/p>\n<p>&nbsp;<\/p>\n<p>&nbsp;<\/p>\n<p>[\/et_pb_text][et_pb_image src=&#8221;https:\/\/media1.stec.se\/2026\/02\/qr-kod-mantorp.jpg&#8221; _builder_version=&#8221;3.19.9&#8243;][\/et_pb_image][\/et_pb_column][\/et_pb_row][et_pb_row _builder_version=&#8221;3.19.9&#8243;][et_pb_column type=&#8221;1_3&#8243; _builder_version=&#8221;3.19.9&#8243; parallax=&#8221;off&#8221; parallax_method=&#8221;on&#8221;][et_pb_image src=&#8221;https:\/\/media1.stec.se\/2025\/09\/4c-9-1.png&#8221; _builder_version=&#8221;3.19.9&#8243;][\/et_pb_image][\/et_pb_column][et_pb_column type=&#8221;1_3&#8243; _builder_version=&#8221;3.19.9&#8243; parallax=&#8221;off&#8221; parallax_method=&#8221;on&#8221;][et_pb_image src=&#8221;https:\/\/media1.stec.se\/2025\/09\/4c-4.png&#8221; _builder_version=&#8221;3.19.9&#8243;][\/et_pb_image][et_pb_image src=&#8221;https:\/\/media1.stec.se\/2025\/09\/4c-7-2.png&#8221; _builder_version=&#8221;3.19.9&#8243;][\/et_pb_image][\/et_pb_column][et_pb_column type=&#8221;1_3&#8243; _builder_version=&#8221;3.19.9&#8243; parallax=&#8221;off&#8221; parallax_method=&#8221;on&#8221;][et_pb_image src=&#8221;https:\/\/media1.stec.se\/2025\/09\/4c.png&#8221; _builder_version=&#8221;3.19.9&#8243;][\/et_pb_image][\/et_pb_column][\/et_pb_row][et_pb_row custom_padding=&#8221;0|0px|27px|0px|false|false&#8221; _builder_version=&#8221;3.0.48&#8243; background_size=&#8221;initial&#8221; background_position=&#8221;top_left&#8221; background_repeat=&#8221;repeat&#8221;][et_pb_column type=&#8221;4_4&#8243; _builder_version=&#8221;3.0.47&#8243; parallax=&#8221;off&#8221; parallax_method=&#8221;on&#8221;][et_pb_divider _builder_version=&#8221;3.19.9&#8243;][\/et_pb_divider][et_pb_divider _builder_version=&#8221;3.19.9&#8243;][\/et_pb_divider][et_pb_text _builder_version=&#8221;3.19.9&#8243;]<\/p>\n<h1 style=\"text-align: center;\">STEC bloggen kommer varje m\u00e5ndag med nyheter\u00a0<\/h1>\n<p>[\/et_pb_text][et_pb_blog fullwidth=&#8221;off&#8221; posts_number=&#8221;3&#8243; include_categories=&#8221;2,1&#8243; show_more=&#8221;on&#8221; use_overlay=&#8221;on&#8221; _builder_version=&#8221;3.19.9&#8243; animation_style=&#8221;fade&#8221;][\/et_pb_blog][et_pb_button button_url=&#8221;http:\/\/stec.se\/nyheter\/&#8221; button_text=&#8221;KLICKA H\u00c4R F\u00d6R ATT L\u00c4SA ALLA BLOGGAR &#8221; button_alignment=&#8221;center&#8221; _builder_version=&#8221;3.19.9&#8243; custom_button=&#8221;on&#8221; button_bg_color=&#8221;#003399&#8243; button_border_width=&#8221;0&#8243; button_border_color=&#8221;#000000&#8243; button_border_radius=&#8221;0&#8243; box_shadow_style=&#8221;preset1&#8243; background_layout=&#8221;dark&#8221;][\/et_pb_button][\/et_pb_column][\/et_pb_row][et_pb_row _builder_version=&#8221;3.19.9&#8243;][et_pb_column type=&#8221;1_3&#8243; _builder_version=&#8221;3.19.9&#8243; parallax=&#8221;off&#8221; parallax_method=&#8221;on&#8221;][et_pb_image src=&#8221;https:\/\/media1.stec.se\/2023\/11\/skyltstallet-1.jpg&#8221; align=&#8221;center&#8221; _builder_version=&#8221;3.19.9&#8243;][\/et_pb_image][\/et_pb_column][et_pb_column type=&#8221;1_3&#8243; _builder_version=&#8221;3.19.9&#8243; parallax=&#8221;off&#8221; parallax_method=&#8221;on&#8221;][et_pb_image src=&#8221;https:\/\/media1.stec.se\/2026\/01\/aygo-cup-logo.png&#8221; align=&#8221;center&#8221; _builder_version=&#8221;3.19.9&#8243;][\/et_pb_image][\/et_pb_column][et_pb_column type=&#8221;1_3&#8243; _builder_version=&#8221;3.19.9&#8243; parallax=&#8221;off&#8221; parallax_method=&#8221;on&#8221;][et_pb_image src=&#8221;https:\/\/media1.stec.se\/2023\/12\/keps-sm.jpg&#8221; align=&#8221;center&#8221; _builder_version=&#8221;3.19.9&#8243;][\/et_pb_image][\/et_pb_column][\/et_pb_row][\/et_pb_section]<\/p>\n","protected":false},"excerpt":{"rendered":"<p><!-- Load Facebook SDK for JavaScript --><\/p>\n<div id=\"fb-root\"><\/div>\n<p>        window.fbAsyncInit = function() {<br \/>\n          FB.init({<br \/>\n            xfbml            : true,<br \/>\n            version          : &#8217;v5.0&#8217;<br \/>\n          });<br \/>\n        };<\/p>\n<p>        (function(d, s, id) {<br \/>\n        var js, fjs = d.getElementsByTagName(s)[0];<br \/>\n        if (d.getElementById(id)) return;<br \/>\n        js = d.createElement(s); js.id = id;<br \/>\n        js.src = &#8217;https:\/\/connect.facebook.net\/sv_SE\/sdk\/xfbml.customerchat.js&#8217;;<br \/>\n        fjs.parentNode.insertBefore(js, fjs);<br \/>\n      }(document, &#8217;script&#8217;, &#8217;facebook-jssdk&#8217;));<\/p>\n<p>      <!-- Your customer chat code --><\/p>\n<div class=\"fb-customerchat\">\n      <\/div>\n<p><!-- Load Facebook SDK for JavaScript --><\/p>\n<div id=\"fb-root\"><\/div>\n<p>        window.fbAsyncInit = function() {<br \/>\n          FB.init({<br \/>\n            xfbml            : true,<br \/>\n            version          : &#8217;v7.0&#8217;<br \/>\n          });<br \/>\n        };<\/p>\n<p>        (function(d, s, id) {<br \/>\n        var js, fjs = d.getElementsByTagName(s)[0];<br \/>\n        if (d.getElementById(id)) return;<br \/>\n        js = d.createElement(s); js.id = id;<br \/>\n        js.src = &#8217;https:\/\/connect.facebook.net\/sv_SE\/sdk\/xfbml.customerchat.js&#8217;;<br \/>\n        fjs.parentNode.insertBefore(js, fjs);<br \/>\n      }(document, &#8217;script&#8217;, &#8217;facebook-jssdk&#8217;));<\/p>\n<p>      <!-- Your Chat Plugin code --><\/p>\n<div class=\"fb-customerchat\">\n      <\/div>\n","protected":false},"author":2,"featured_media":0,"parent":0,"menu_order":0,"comment_status":"closed","ping_status":"closed","template":"","meta":{"_et_pb_use_builder":"on","_et_pb_old_content":"","footnotes":""},"class_list":["post-25","page","type-page","status-publish","hentry"],"aioseo_notices":[],"_links":{"self":[{"href":"https:\/\/stec.se\/en\/wp-json\/wp\/v2\/pages\/25","targetHints":{"allow":["GET"]}}],"collection":[{"href":"https:\/\/stec.se\/en\/wp-json\/wp\/v2\/pages"}],"about":[{"href":"https:\/\/stec.se\/en\/wp-json\/wp\/v2\/types\/page"}],"author":[{"embeddable":true,"href":"https:\/\/stec.se\/en\/wp-json\/wp\/v2\/users\/2"}],"replies":[{"embeddable":true,"href":"https:\/\/stec.se\/en\/wp-json\/wp\/v2\/comments?post=25"}],"version-history":[{"count":455,"href":"https:\/\/stec.se\/en\/wp-json\/wp\/v2\/pages\/25\/revisions"}],"predecessor-version":[{"id":15397,"href":"https:\/\/stec.se\/en\/wp-json\/wp\/v2\/pages\/25\/revisions\/15397"}],"wp:attachment":[{"href":"https:\/\/stec.se\/en\/wp-json\/wp\/v2\/media?parent=25"}],"curies":[{"name":"wp","href":"https:\/\/api.w.org\/{rel}","templated":true}]}}