{"id":137,"date":"2019-01-28T11:30:00","date_gmt":"2019-01-28T11:30:00","guid":{"rendered":"http:\/\/husbilskungen.com\/?page_id=137"},"modified":"2026-01-29T12:48:54","modified_gmt":"2026-01-29T12:48:54","slug":"samverkan","status":"publish","type":"page","link":"https:\/\/stec.se\/en\/samverkan\/","title":{"rendered":"BUSINESS COLLABORATION"},"content":{"rendered":"<p>[et_pb_section fb_built=&#8221;1&#8243; _builder_version=&#8221;3.19.9&#8243; top_divider_style=&#8221;slant2&#8243; top_divider_color=&#8221;#0c71c3&#8243; top_divider_height=&#8221;39px&#8221; top_divider_flip=&#8221;horizontal&#8221;][et_pb_row _builder_version=&#8221;3.19.9&#8243;][et_pb_column type=&#8221;4_4&#8243; _builder_version=&#8221;3.19.9&#8243; parallax=&#8221;off&#8221; parallax_method=&#8221;on&#8221;][et_pb_text _builder_version=&#8221;3.19.9&#8243; header_font=&#8221;||||||||&#8221; header_text_shadow_style=&#8221;preset2&#8243; header_text_shadow_color=&#8221;#b3b3b3&#8243;]<\/p>\n<h1 style=\"text-align: center;\"><span style=\"color: #0c71c3;\"><strong>Samverkan som skapar gemensam framg\u00e5ng<\/strong><\/span><\/h1>\n<p>[\/et_pb_text][\/et_pb_column][\/et_pb_row][et_pb_row _builder_version=&#8221;3.19.9&#8243;][et_pb_column type=&#8221;2_3&#8243; _builder_version=&#8221;3.19.9&#8243; parallax=&#8221;off&#8221; parallax_method=&#8221;on&#8221;][et_pb_text _builder_version=&#8221;3.19.9&#8243;]<\/p>\n<p>&nbsp;<\/p>\n<p><em><sup><strong>Swedish Touring Endurance Championship,\u00a0<\/strong><\/sup><\/em><\/p>\n<p><em><sup><strong>\u00a0Samarbetspartners under kommande s\u00e4song.<br \/><\/strong><\/sup><\/em><span style=\"font-size: 14px;\">H\u00e4r kan man hitta olika l\u00f6sningar och uppl\u00e4gg. Det viktiga \u00e4r att finna en win-win situation f\u00f6r samtliga inblandade, med m\u00e5ls\u00e4ttning samarbete och bygga varum\u00e4rke.\u00a0<\/span><\/p>\n<p>+ Vill ni\u00a0synas med ert f\u00f6retag?<br \/><span style=\"font-size: 14px;\">+ Vill ert f\u00f6retag ta med kunder och personal p\u00e5 ett fartfyllt event, och kanske t\u00e4vla i n\u00e5gon av v\u00e5ra hyrbilar?<br \/><\/span><span style=\"font-size: 14px;\">+ Vill ni n\u00e5 ut till potentiella kunder med v\u00e5rt kontaktn\u00e4t?<br \/><\/span>+ Vill ni bjuda kunden p\u00e5 en \u00e5ktur hon aldrig gl\u00f6mmer?\u00a0<br \/>Har du en vilja, g\u00f6r vi allt\u00a0f\u00f6r att finna en l\u00f6sning.\u00a0<br \/>Kontakta <a target=\"\" rel=\"hasse@stec.se noopener noreferrer\" rev=\"mailto\" class=\"h24link {}\" data-cke-saved-href=\"mailto:hasse@stec.se\" href=\"mailto:hasse@stec.se\">stec@stec.se<\/a><\/p>\n<p>&nbsp;<\/p>\n<p><strong>Teamsamarbete.\u00a0\u00a0<\/strong><\/p>\n<p>Omfattar att du st\u00f6ttar ett specifikt team i serien. Det kan vara dina lokala ungdomar , v\u00e4nner eller ett team som ditt f\u00f6retag vill samverka med.\u00a0 s\u00e5 g\u00f6r du en v\u00e4rdefull insats f\u00f6r teamet som genom detta kan s\u00e4nka sin budget och ett starkt samarbete med teamet skapar positiv energi.\u00a0 Prata med oss p\u00e5 stec eller direkt med teamet.<\/p>\n<p><a target=\"\" rel=\"hasse@stec.se noopener noreferrer\" rev=\"mailto\" class=\"h24link {}\" data-cke-saved-href=\"mailto:hasse@stec.se\" href=\"mailto:hasse@stec.se\"> <\/a><\/p>\n<p><a target=\"\" rel=\"hasse@stec.se noopener noreferrer\" rev=\"mailto\" class=\"h24link {}\" data-cke-saved-href=\"mailto:hasse@stec.se\" href=\"mailto:hasse@stec.se\"><\/a><\/p>\n<p><strong>Klassponsor:<\/strong><br \/>Att vara klassponsor medf\u00f6r en kraftfull marknadsf\u00f6ring p\u00e5 bilarna\u00a0och t\u00e4vlingarna.<br \/>Det \u00e4r en omfattande marknadsf\u00f6ring som placerar Ert f\u00f6retag i centrum av STEC<br \/>Att vara klassponsor representerar en ekonomisk investering f\u00f6r ert f\u00f6retag.<br \/>Sponsor programmet erbjuder Ert f\u00f6retag spektakul\u00e4r och fartfyllda marknadsf\u00f6ring.\u00a0 19,990 kr\u00a0 som omfattar bla en del av \u00e5rets prispengar till de t\u00e4vlande.<\/p>\n<p><strong>Delsponsor:<\/strong><br \/>Som delsponsor exponeras Ert f\u00f6retag p\u00e5 niv\u00e5n direkt under att vara huvudsponsor,\u00a0Som delsponsor k\u00f6per Ert f\u00f6retag sig en s\u00e4songs marknadsf\u00f6ringsavtal som representerar en m\u00e5ttlig ekonomisk investering. Delsponsor investeringen utg\u00f6r ett ansenligt bidrag till STEC \u00a0budget.\u00a0 29,900 S\u00e5 har du reklamplats p\u00e5 samtliga race och motorfestivaler. V\u00e5rens datum<a href=\"https:\/\/www.motorextra.se\/motorextras-jubileumsreportage-nr-500-firas-med-motorkultur-storsatsar-pa-motorfestivaler-med-konceptet-se-rora-kora-2025-8-fardiga-datum-med-motorfestivaler-over-hela-sverig\/?fbclid=IwY2xjawGWoLFleHRuA2FlbQIxMAABHbgF5XrTv5MwdrmtokmCDBs3YhzAl_gccK_9dpZHX-GJQAnmZOGMMa847w_aem_FjK5s0wphLQHHD87jhr6bA\"><em><strong> Klicka\u00a0<\/strong><\/em><\/a><\/p>\n<p><strong>Huvudsponsor:<\/strong><br \/>Betyder att ert f\u00f6retag har en marknadsf\u00f6ringsplats f\u00f6r samtliga t\u00e4vlingar, motorfestivaler.<br \/>Vi till\u00e5ter f\u00f6retag som tidigare inte anv\u00e4nt sig av motorsport som marknadsf\u00f6ringss\u00e4tt. Detta betyder ofta ett l\u00e5ngsiktigt samarbete mellan er och STEC\u00a0<br \/>Det \u00e4r ett utm\u00e4rkt tillf\u00e4lle f\u00f6r enskilda f\u00f6retag och kedjor som \u00e4r lokaliserade runt om i landet d\u00e5 vi \u00e4r p\u00e5 m\u00e5nga st\u00e4llen under en s\u00e4song samarbete \u00e4ven med <a href=\"www.motorkultur.nu\"><strong>www.motorkultur.nu<\/strong><\/a> pris 49,900.<\/p>\n<p>[\/et_pb_text][et_pb_text _builder_version=&#8221;3.19.9&#8243;]<\/p>\n<p><strong>Produktsponsring,<\/strong><br \/>Produktsponsring \u00e4r d\u00e5 ert f\u00f6retag st\u00e4ller produkter eller tj\u00e4nster till f\u00f6rfogande f\u00f6r STEC ist\u00e4llet f\u00f6r kontanter.<br \/>Ert f\u00f6retags produkt eller tj\u00e4nst \u00e4r till nytta f\u00f6r STEC\u00a0f\u00f6r att anv\u00e4nda den h\u00e4r typen av sponsring.<br \/>Det h\u00e4r \u00e4r en f\u00f6rdelaktig v\u00e4g f\u00f6r f\u00f6retag med en mindre budget att \u00e4nd\u00e5 marknadsf\u00f6ra sig inom motorsporten motorkulturen starka n\u00e4tverk. 4,995 kronor s\u00e5 har ni under t\u00e4vlingsdagen en &#8221;marknadsplats&#8221; att kunna visa och erbjuda tj\u00e4nster och produkter.\u00a0<\/p>\n<p><strong>STEC ansvar \u00e4r att erbjuda,<\/strong><br \/>\u2013 Reklam f\u00f6r er i enlighet med respektive sponsors niv\u00e5.<br \/>\u2013 Att st\u00e4lla upp p\u00e5 f\u00f6retagsaktiviteter.<br \/>\u2013 Att st\u00e4lla upp vid utst\u00e4llningsarrangemang.<br \/>\u2013 Att sponsorn (i m\u00e5n av plats) ska kunna f\u00e5 vara med i dep\u00e5n vid<br \/>t\u00e4vling och visa upp sig och sina produkter.<br \/>&#8211; Uppvisningsk\u00f6rning (om utrymme finns) p\u00e5 f\u00f6retagsaktiviteter &amp;<br \/>utst\u00e4llningsarrangemang .<\/p>\n<p>STEC kommer g\u00f6ra allt vi kan f\u00f6r att vi ska f\u00e5 ett l\u00e5ngvarig relation med win-win.\u00a0<br \/><strong>Ring\u00a0 070-798 23 78\u00a0<\/strong><\/p>\n<p><strong><\/strong><\/p>\n<p>kontakt med oss p\u00e5 <a href=\"stec@stec.se\">stec@stec.se<\/a><strong><\/strong><\/p>\n<p>Reportage om s\u00e4nkt startavgift<a href=\"https:\/\/www.motorextra.se\/stec-revolutionerar-svensk-bilsport-slopar-startavgifterna-2025\/\"> <strong><em>Klicka\u00a0<\/em><\/strong><\/a><\/p>\n<p><strong><\/strong><\/p>\n<p>[\/et_pb_text][et_pb_image src=&#8221;http:\/\/media1.stec.se\/2019\/02\/83268869-WK144.jpg&#8221; _builder_version=&#8221;3.19.9&#8243;][\/et_pb_image][et_pb_text _builder_version=&#8221;3.19.9&#8243;]<\/p>\n<h4><strong>F\u00f6retag hyr en hel bil f\u00f6r f\u00f6retag med fart.<\/strong><\/h4>\n<p><strong><\/strong><\/p>\n<p>F\u00f6retagspaket\u00a0 \u00e4r nog det roligaste man kan g\u00f6ra f\u00f6r medarbetar och sina kunder.\u00a0 allt ing\u00e5r.\u00a0 Bil med f\u00f6retagets loggotype racing kittad med bur stol b\u00e4lten vingar osv Bilen k\u00f6r i Racingserien och vi kommer kunna erbjuda en mycket fartfylld f\u00f6retagsaktivitet f\u00f6r personal , kunder.<\/p>\n<p>Grunden \u00e4r att ni kommer till banan vid 08,00\u00a0 d\u00e4r serveras i VIP T\u00e4ltet kaffe macka och vi drar dagens schema och information om banan.\u00a0<\/p>\n<p>V\u00e5r marknadsansvariga kommer ordna med f\u00f6rarutrustning hj\u00e4lmar overaller och att ni har det bra under dagen. T\u00e4vlingarna startar ca 10,00 och d\u00e5 ing\u00e5r det plats p\u00e5 l\u00e4ktaren f\u00f6r era g\u00e4ster.\u00a0 \u00a0\u00a0<\/p>\n<p>Ni kan vara mellan 2-12 f\u00f6rare i teamet under en t\u00e4vlingsdag som \u00e4r hela\u00a0 4- 6 timmar l\u00e5ngt race.\u00a0<\/p>\n<p>Vill ni sen ha konferenspaket eller hotell l\u00f6sningar osv s\u00e5 hj\u00e4lper vi er gladeligen med detta\u00a0<\/p>\n<p>V\u00e4lkommen till STEC\u00a0 \u00a0<\/p>\n<p>[\/et_pb_text][\/et_pb_column][et_pb_column type=&#8221;1_3&#8243; _builder_version=&#8221;3.19.9&#8243; parallax=&#8221;off&#8221; parallax_method=&#8221;on&#8221;][et_pb_image src=&#8221;https:\/\/media1.stec.se\/2020\/03\/handslag.jpg&#8221; url=&#8221;https:\/\/www.schmiedmann.se\/&#8221; url_new_window=&#8221;on&#8221; _builder_version=&#8221;3.19.9&#8243;][\/et_pb_image][et_pb_image src=&#8221;http:\/\/media1.stec.se\/2020\/11\/gp-store.jpg&#8221; _builder_version=&#8221;3.19.9&#8243;][\/et_pb_image][et_pb_image src=&#8221;http:\/\/media1.stec.se\/2020\/11\/gp-store.jpg&#8221; _builder_version=&#8221;3.19.9&#8243;][\/et_pb_image][et_pb_image src=&#8221;https:\/\/media1.stec.se\/2023\/02\/skyltstallet.jpg&#8221; url=&#8221;http:\/\/www.skyltstallet.se\/lokalkontor\/norrkoping\/&#8221; _builder_version=&#8221;3.19.9&#8243;][\/et_pb_image][et_pb_text _builder_version=&#8221;3.19.9&#8243;]<\/p>\n<p>Skyltst\u00e4llet \u00e4r fantastiska p\u00e5 exponering de hj\u00e4lper dig <a href=\"http:\/\/www.skyltstallet.se\/lokalkontor\/norrkoping\/\"><strong>Klicka<\/strong><\/a><\/p>\n<p>[\/et_pb_text][et_pb_image src=&#8221;https:\/\/media1.stec.se\/2022\/03\/nicamas.png&#8221; url=&#8221;https:\/\/nicamas.se\/&#8221; _builder_version=&#8221;3.19.9&#8243;][\/et_pb_image][et_pb_image src=&#8221;http:\/\/media1.stec.se\/2021\/11\/Trakk_WeKnowWhere.png&#8221; _builder_version=&#8221;3.19.9&#8243;][\/et_pb_image][et_pb_text _builder_version=&#8221;3.19.9&#8243;]<\/p>\n<p>Trakk \u00e4r grymma p\u00e5 bla k\u00f6rjournaler till f\u00f6retag <a href=\"https:\/\/www.trakk.se\/\"><strong>Klicka\u00a0<\/strong><\/a><\/p>\n<p>[\/et_pb_text][et_pb_image src=&#8221;https:\/\/media1.stec.se\/2023\/01\/teamwork-bla.jpg&#8221; _builder_version=&#8221;3.19.9&#8243;][\/et_pb_image][et_pb_image src=&#8221;http:\/\/media1.stec.se\/2022\/01\/Namnlos-design-1.png&#8221; _builder_version=&#8221;3.19.9&#8243;][\/et_pb_image][et_pb_image src=&#8221;http:\/\/media1.stec.se\/2019\/02\/73085777-AjiEb.jpg&#8221; _builder_version=&#8221;3.19.9&#8243;][\/et_pb_image][et_pb_text _builder_version=&#8221;3.19.9&#8243;]<\/p>\n<p><strong>STEC t\u00e4vlingar har alltid en h\u00f6g s\u00e4kerhet med\u00a0 akutsjukv\u00e5rdare p\u00e5 plats d\u00e5 vi inte under n\u00e5gra villkor tummar p\u00e5 s\u00e4kerheten.\u00a0<\/strong><\/p>\n<p>[\/et_pb_text][et_pb_text _builder_version=&#8221;3.19.9&#8243;]<\/p>\n<p>Sponsra ett specifikt team ?\u00a0<\/p>\n<p>Detta g\u00e5r j\u00e4ttebra om ni exempelvis vill st\u00f6dja Tjejteamet eller juniorteamet.<\/p>\n<p>S\u00e5 skickar vi en faktura till ert f\u00f6retag med marknadsf\u00f6ring eller eventdag.\u00a0<\/p>\n<p>Detta kan g\u00f6ras p\u00e5 samtliga team som \u00e4r med inom STEC och kan vara ett bra s\u00e4tt<\/p>\n<p>som privatf\u00f6rare att s\u00f6ka samverkan med f\u00f6retag som d\u00e5 kan ha detta i sin marknadsf\u00f6rning.<\/p>\n<p>Prata med oss om Team Samverkan p\u00e5 email <a href=\"stec@stec.se\">stec@stec.se\u00a0 \u00a0eller\u00a0 070-798 23 78<\/a><\/p>\n<p>[\/et_pb_text][\/et_pb_column][\/et_pb_row][\/et_pb_section]<\/p>\n","protected":false},"excerpt":{"rendered":"<p>[et_pb_section fb_built=&#8221;1&#8243; _builder_version=&#8221;3.19.9&#8243; top_divider_style=&#8221;slant2&#8243; top_divider_color=&#8221;#0c71c3&#8243; top_divider_height=&#8221;39px&#8221; top_divider_flip=&#8221;horizontal&#8221;][et_pb_row _builder_version=&#8221;3.19.9&#8243;][et_pb_column type=&#8221;4_4&#8243; _builder_version=&#8221;3.19.9&#8243; parallax=&#8221;off&#8221; parallax_method=&#8221;on&#8221;][et_pb_text _builder_version=&#8221;3.19.9&#8243; header_font=&#8221;||||||||&#8221; header_text_shadow_style=&#8221;preset2&#8243; header_text_shadow_color=&#8221;#b3b3b3&#8243;] Samverkan som skapar gemensam framg\u00e5ng [\/et_pb_text][\/et_pb_column][\/et_pb_row][et_pb_row _builder_version=&#8221;3.19.9&#8243;][et_pb_column type=&#8221;2_3&#8243; _builder_version=&#8221;3.19.9&#8243; parallax=&#8221;off&#8221; parallax_method=&#8221;on&#8221;][et_pb_text _builder_version=&#8221;3.19.9&#8243;] &nbsp; Swedish Touring Endurance Championship,\u00a0 \u00a0Samarbetspartners under kommande s\u00e4song.H\u00e4r kan man hitta olika l\u00f6sningar och uppl\u00e4gg. Det viktiga \u00e4r att finna en win-win situation f\u00f6r samtliga inblandade, [&hellip;]<\/p>\n","protected":false},"author":2,"featured_media":0,"parent":0,"menu_order":0,"comment_status":"closed","ping_status":"closed","template":"","meta":{"_et_pb_use_builder":"on","_et_pb_old_content":"","footnotes":""},"class_list":["post-137","page","type-page","status-publish","hentry"],"aioseo_notices":[],"_links":{"self":[{"href":"https:\/\/stec.se\/en\/wp-json\/wp\/v2\/pages\/137","targetHints":{"allow":["GET"]}}],"collection":[{"href":"https:\/\/stec.se\/en\/wp-json\/wp\/v2\/pages"}],"about":[{"href":"https:\/\/stec.se\/en\/wp-json\/wp\/v2\/types\/page"}],"author":[{"embeddable":true,"href":"https:\/\/stec.se\/en\/wp-json\/wp\/v2\/users\/2"}],"replies":[{"embeddable":true,"href":"https:\/\/stec.se\/en\/wp-json\/wp\/v2\/comments?post=137"}],"version-history":[{"count":49,"href":"https:\/\/stec.se\/en\/wp-json\/wp\/v2\/pages\/137\/revisions"}],"predecessor-version":[{"id":15260,"href":"https:\/\/stec.se\/en\/wp-json\/wp\/v2\/pages\/137\/revisions\/15260"}],"wp:attachment":[{"href":"https:\/\/stec.se\/en\/wp-json\/wp\/v2\/media?parent=137"}],"curies":[{"name":"wp","href":"https:\/\/api.w.org\/{rel}","templated":true}]}}