{"id":123,"date":"2019-01-28T10:43:25","date_gmt":"2019-01-28T10:43:25","guid":{"rendered":"http:\/\/husbilskungen.com\/?page_id=123"},"modified":"2024-11-17T14:30:18","modified_gmt":"2024-11-17T14:30:18","slug":"hyrbilsteam","status":"publish","type":"page","link":"https:\/\/stec.se\/en\/hyrbilsteam\/","title":{"rendered":"HYRBILSTEAM"},"content":{"rendered":"<p>[et_pb_section fb_built=&#8221;1&#8243; _builder_version=&#8221;3.19.9&#8243; top_divider_style=&#8221;slant2&#8243; top_divider_color=&#8221;#0c71c3&#8243; top_divider_height=&#8221;39px&#8221; top_divider_flip=&#8221;horizontal&#8221;][et_pb_row _builder_version=&#8221;3.0.48&#8243; background_size=&#8221;initial&#8221; background_position=&#8221;top_left&#8221; background_repeat=&#8221;repeat&#8221;][et_pb_column type=&#8221;2_3&#8243; _builder_version=&#8221;3.0.47&#8243; parallax=&#8221;off&#8221; parallax_method=&#8221;on&#8221;][et_pb_divider divider_style=&#8221;none&#8221; _builder_version=&#8221;3.19.9&#8243;][\/et_pb_divider][et_pb_image src=&#8221;http:\/\/media1.stec.se\/2019\/11\/f\u00f6retagsbil.jpg&#8221; _builder_version=&#8221;3.19.9&#8243;][\/et_pb_image][et_pb_text _builder_version=&#8221;3.19.9&#8243; header_font=&#8221;||||||||&#8221; header_text_shadow_style=&#8221;preset2&#8243; header_text_shadow_color=&#8221;#d6d6d6&#8243;]<\/p>\n<h1><span style=\"color: #0c71c3;\"><strong>Kom och k\u00f6r Pay &amp; Drive<\/strong><\/span><\/h1>\n<p>STEC har nu inf\u00f6r kommande s\u00e4song byggt upp ett stall med\u00a0 bilar som du som kan g\u00f6ra mycket kul med. Brand Alliances \u00e4r popul\u00e4rt ord och detta handlar mycket just om att kunna finna synergier som ger alla inblandade en bra turbokraft. Sen att man kan ha kul med kunder och samverkanspartners \u00e4r ju bonus.<\/p>\n<p><strong>Paket 1\u00a0<\/strong>Hyr en hel bil f\u00f6r ett race med all inklusive paket\u00a0 overaller hj\u00e4lmar bilar allt finns p\u00e5 plats n\u00e4r ni kommer till banan.<br \/> Ni kan v\u00e4lja 1 race eller alla s\u00e4songens t\u00e4vlingar<\/p>\n<p><strong>Paket 2<\/strong> Hyr 3-10 bilar och s\u00e5 har vi en heldag p\u00e5 en bana som passar er<br \/> Vi har kontakt med de flesta och kan boka lunchpaket\u00a0 f\u00f6rarutbildning konferensk\u00f6rning b\u00e5de p\u00e5 enkel och avancerad niv\u00e5.<\/p>\n<p><strong>Paket 3<\/strong> H\u00e4r skr\u00e4ddar syr vi en hel eller halvdag och inget \u00e4r f\u00f6r litet eller f\u00f6r stort.<\/p>\n<p>F\u00f6r mer diskussion om priser och tankar maila\u00a0 s\u00e5 kommer vi fram till en bra l\u00f6sning som passar er budget och vi ska g\u00f6ra allt f\u00f6r att maximera era \u00f6nskem\u00e5l.<\/p>\n<p>Email\u00a0<a href=\"mailto:stec@stec.se\">stec@stec.se<\/a>\u00a0 faktureras som utbildningspaket<\/p>\n<p>[\/et_pb_text][et_pb_text _builder_version=&#8221;3.19.9&#8243; header_font=&#8221;||||||||&#8221; header_text_shadow_style=&#8221;preset2&#8243; header_text_shadow_color=&#8221;#d6d6d6&#8243;]<\/p>\n<h1><\/h1>\n<p>Detta \u00e4r ett Race f\u00f6r snabba f\u00f6retag som vill g\u00f6ra en fartfylld upplevelse med personal , kunder.<\/p>\n<ul>\n<li>Startklar bil prydd mer ert varum\u00e4rke , loggos etc\u00a0<\/li>\n<li>Service team som tankar , servar bilen under dagen och ser till bilen \u00e4r i bra raceskick\u00a0<\/li>\n<li>F\u00f6rarutrustningen ligger framme n\u00e4r ni kommer skor , handskar , overall , hj\u00e4lmar etc.\u00a0<\/li>\n<\/ul>\n<ul>\n<li>Teambuilding , N\u00e4tverkande , perfekt att bjuda med viktiga kunder , personal<\/li>\n<li>Sveriges\/Norges\u00a0 finaste racingbanor\u00a0<\/li>\n<li>Vi kan \u00e4ven i paket ordna biljetter , lunch , middag , hotell, konferensl\u00f6sningar<\/li>\n<\/ul>\n<ul>\n<li>bokas p\u00e5 mail <a href=\"mailto:stec@stec.se\">stec@stec.se<\/a>\u00a0och kan skr\u00e4ddarsys och stec har just idag 10 stycken klara bilar f\u00f6r detta med f\u00f6retagsrace.\u00a0 telefon 070-7982378<\/li>\n<li><\/li>\n<\/ul>\n<p>&nbsp;<\/p>\n<p>&nbsp;<\/p>\n<p>[\/et_pb_text][et_pb_contact_form module_id=&#8221;et_pb_contact_form_0&#8243; _builder_version=&#8221;3.19.9&#8243; form_field_font=&#8221;||||||||&#8221;][et_pb_contact_field field_id=&#8221;Name&#8221; field_title=&#8221;Namn&#8221; _builder_version=&#8221;3.16&#8243; border_radii=&#8221;on||||&#8221; button_text_size__hover_enabled=&#8221;off&#8221; button_one_text_size__hover_enabled=&#8221;off&#8221; button_two_text_size__hover_enabled=&#8221;off&#8221; button_text_color__hover_enabled=&#8221;off&#8221; button_one_text_color__hover_enabled=&#8221;off&#8221; button_two_text_color__hover_enabled=&#8221;off&#8221; button_border_width__hover_enabled=&#8221;off&#8221; button_one_border_width__hover_enabled=&#8221;off&#8221; button_two_border_width__hover_enabled=&#8221;off&#8221; button_border_color__hover_enabled=&#8221;off&#8221; button_one_border_color__hover_enabled=&#8221;off&#8221; button_two_border_color__hover_enabled=&#8221;off&#8221; button_border_radius__hover_enabled=&#8221;off&#8221; button_one_border_radius__hover_enabled=&#8221;off&#8221; button_two_border_radius__hover_enabled=&#8221;off&#8221; button_letter_spacing__hover_enabled=&#8221;off&#8221; button_one_letter_spacing__hover_enabled=&#8221;off&#8221; button_two_letter_spacing__hover_enabled=&#8221;off&#8221; button_bg_color__hover_enabled=&#8221;off&#8221; button_one_bg_color__hover_enabled=&#8221;off&#8221; button_two_bg_color__hover_enabled=&#8221;off&#8221;][\/et_pb_contact_field][et_pb_contact_field field_id=&#8221;Email&#8221; field_title=&#8221;E-postadress&#8221; field_type=&#8221;email&#8221; _builder_version=&#8221;3.16&#8243; border_radii=&#8221;on||||&#8221; button_text_size__hover_enabled=&#8221;off&#8221; button_one_text_size__hover_enabled=&#8221;off&#8221; button_two_text_size__hover_enabled=&#8221;off&#8221; button_text_color__hover_enabled=&#8221;off&#8221; button_one_text_color__hover_enabled=&#8221;off&#8221; button_two_text_color__hover_enabled=&#8221;off&#8221; button_border_width__hover_enabled=&#8221;off&#8221; button_one_border_width__hover_enabled=&#8221;off&#8221; button_two_border_width__hover_enabled=&#8221;off&#8221; button_border_color__hover_enabled=&#8221;off&#8221; button_one_border_color__hover_enabled=&#8221;off&#8221; button_two_border_color__hover_enabled=&#8221;off&#8221; button_border_radius__hover_enabled=&#8221;off&#8221; button_one_border_radius__hover_enabled=&#8221;off&#8221; button_two_border_radius__hover_enabled=&#8221;off&#8221; button_letter_spacing__hover_enabled=&#8221;off&#8221; button_one_letter_spacing__hover_enabled=&#8221;off&#8221; button_two_letter_spacing__hover_enabled=&#8221;off&#8221; button_bg_color__hover_enabled=&#8221;off&#8221; button_one_bg_color__hover_enabled=&#8221;off&#8221; button_two_bg_color__hover_enabled=&#8221;off&#8221;][\/et_pb_contact_field][et_pb_contact_field field_id=&#8221;\u00c4mne&#8221; field_title=&#8221;\u00c4mne&#8221; fullwidth_field=&#8221;on&#8221; _builder_version=&#8221;3.19.9&#8243;][\/et_pb_contact_field][et_pb_contact_field field_id=&#8221;Message&#8221; field_title=&#8221;Meddelande&#8221; field_type=&#8221;text&#8221; fullwidth_field=&#8221;on&#8221; _builder_version=&#8221;3.16&#8243; border_radii=&#8221;on||||&#8221; button_text_size__hover_enabled=&#8221;off&#8221; button_one_text_size__hover_enabled=&#8221;off&#8221; button_two_text_size__hover_enabled=&#8221;off&#8221; button_text_color__hover_enabled=&#8221;off&#8221; button_one_text_color__hover_enabled=&#8221;off&#8221; button_two_text_color__hover_enabled=&#8221;off&#8221; button_border_width__hover_enabled=&#8221;off&#8221; button_one_border_width__hover_enabled=&#8221;off&#8221; button_two_border_width__hover_enabled=&#8221;off&#8221; button_border_color__hover_enabled=&#8221;off&#8221; button_one_border_color__hover_enabled=&#8221;off&#8221; button_two_border_color__hover_enabled=&#8221;off&#8221; button_border_radius__hover_enabled=&#8221;off&#8221; button_one_border_radius__hover_enabled=&#8221;off&#8221; button_two_border_radius__hover_enabled=&#8221;off&#8221; button_letter_spacing__hover_enabled=&#8221;off&#8221; button_one_letter_spacing__hover_enabled=&#8221;off&#8221; button_two_letter_spacing__hover_enabled=&#8221;off&#8221; button_bg_color__hover_enabled=&#8221;off&#8221; button_one_bg_color__hover_enabled=&#8221;off&#8221; button_two_bg_color__hover_enabled=&#8221;off&#8221;][\/et_pb_contact_field][\/et_pb_contact_form][\/et_pb_column][et_pb_column type=&#8221;1_3&#8243; _builder_version=&#8221;3.0.47&#8243; parallax=&#8221;off&#8221; parallax_method=&#8221;on&#8221;][et_pb_image src=&#8221;http:\/\/media1.stec.se\/2020\/03\/ENDURANCE-RACING-1.png&#8221; _builder_version=&#8221;3.19.9&#8243; box_shadow_style=&#8221;preset6&#8243;][\/et_pb_image][et_pb_image src=&#8221;http:\/\/media1.stec.se\/2020\/11\/foretagsbil-2.jpg&#8221; _builder_version=&#8221;3.19.9&#8243; box_shadow_style=&#8221;preset3&#8243;][\/et_pb_image][et_pb_image src=&#8221;http:\/\/media1.stec.se\/2019\/12\/eu.jpg&#8221; _builder_version=&#8221;3.19.9&#8243; box_shadow_style=&#8221;preset6&#8243;][\/et_pb_image][et_pb_text _builder_version=&#8221;3.19.9&#8243;]<\/p>\n<p>Bilarna har alltid dubbla stolar f\u00f6r att kunna erbjuda med\u00e5kning under paus och \u00e4r ocks\u00e5 mycket popul\u00e4rt inslag att bjuda era kunder p\u00e5 n\u00e5gra varv i racingbil\u00a0<\/p>\n<p>[\/et_pb_text][\/et_pb_column][\/et_pb_row][\/et_pb_section]<\/p>\n","protected":false},"excerpt":{"rendered":"<p>[et_pb_section fb_built=&#8221;1&#8243; _builder_version=&#8221;3.19.9&#8243; top_divider_style=&#8221;slant2&#8243; top_divider_color=&#8221;#0c71c3&#8243; top_divider_height=&#8221;39px&#8221; top_divider_flip=&#8221;horizontal&#8221;][et_pb_row _builder_version=&#8221;3.0.48&#8243; background_size=&#8221;initial&#8221; background_position=&#8221;top_left&#8221; background_repeat=&#8221;repeat&#8221;][et_pb_column type=&#8221;2_3&#8243; _builder_version=&#8221;3.0.47&#8243; parallax=&#8221;off&#8221; parallax_method=&#8221;on&#8221;][et_pb_divider divider_style=&#8221;none&#8221; _builder_version=&#8221;3.19.9&#8243;][\/et_pb_divider][et_pb_image src=&#8221;http:\/\/media1.stec.se\/2019\/11\/f\u00f6retagsbil.jpg&#8221; _builder_version=&#8221;3.19.9&#8243;][\/et_pb_image][et_pb_text _builder_version=&#8221;3.19.9&#8243; header_font=&#8221;||||||||&#8221; header_text_shadow_style=&#8221;preset2&#8243; header_text_shadow_color=&#8221;#d6d6d6&#8243;] Kom och k\u00f6r Pay &amp; Drive STEC har nu inf\u00f6r kommande s\u00e4song byggt upp ett stall med\u00a0 bilar som du som kan g\u00f6ra mycket kul med. Brand Alliances \u00e4r popul\u00e4rt ord och [&hellip;]<\/p>\n","protected":false},"author":2,"featured_media":0,"parent":0,"menu_order":0,"comment_status":"closed","ping_status":"closed","template":"","meta":{"_et_pb_use_builder":"on","_et_pb_old_content":"","footnotes":""},"class_list":["post-123","page","type-page","status-publish","hentry"],"aioseo_notices":[],"_links":{"self":[{"href":"https:\/\/stec.se\/en\/wp-json\/wp\/v2\/pages\/123","targetHints":{"allow":["GET"]}}],"collection":[{"href":"https:\/\/stec.se\/en\/wp-json\/wp\/v2\/pages"}],"about":[{"href":"https:\/\/stec.se\/en\/wp-json\/wp\/v2\/types\/page"}],"author":[{"embeddable":true,"href":"https:\/\/stec.se\/en\/wp-json\/wp\/v2\/users\/2"}],"replies":[{"embeddable":true,"href":"https:\/\/stec.se\/en\/wp-json\/wp\/v2\/comments?post=123"}],"version-history":[{"count":33,"href":"https:\/\/stec.se\/en\/wp-json\/wp\/v2\/pages\/123\/revisions"}],"predecessor-version":[{"id":13382,"href":"https:\/\/stec.se\/en\/wp-json\/wp\/v2\/pages\/123\/revisions\/13382"}],"wp:attachment":[{"href":"https:\/\/stec.se\/en\/wp-json\/wp\/v2\/media?parent=123"}],"curies":[{"name":"wp","href":"https:\/\/api.w.org\/{rel}","templated":true}]}}