{"id":11998,"date":"2023-11-21T10:08:21","date_gmt":"2023-11-21T10:08:21","guid":{"rendered":"https:\/\/stec.se\/?page_id=11998"},"modified":"2025-02-17T16:04:45","modified_gmt":"2025-02-17T16:04:45","slug":"for-publik","status":"publish","type":"page","link":"https:\/\/stec.se\/en\/for-publik\/","title":{"rendered":"FOR SPECTATORS"},"content":{"rendered":"<p>[et_pb_section fb_built=&#8221;1&#8243; _builder_version=&#8221;3.19.9&#8243; custom_margin=&#8221;0px|||&#8221; custom_padding=&#8221;0px|||&#8221;][et_pb_row custom_padding=&#8221;27px|0px|0|0px|false|false&#8221; _builder_version=&#8221;3.19.9&#8243;][et_pb_column type=&#8221;1_2&#8243; _builder_version=&#8221;3.19.9&#8243; parallax=&#8221;off&#8221; parallax_method=&#8221;on&#8221;][et_pb_text _builder_version=&#8221;3.19.9&#8243;]<\/p>\n<h3><span style=\"text-decoration: underline; color: #e02b20;\"><\/span>V\u00e4lkommen till banorna\u00a0<\/h3>\n<h3 style=\"background-color: #ffffff;\"><img loading=\"lazy\" decoding=\"async\" class=\" wp-image-307 alignright\" src=\"http:\/\/media1.stec.se\/2019\/01\/STEC-1024x443.png\" alt=\"\" width=\"215\" height=\"93\" style=\"font-size: 22px;\" srcset=\"https:\/\/media1.stec.se\/2019\/01\/STEC-1024x443.png 1024w, https:\/\/media1.stec.se\/2019\/01\/STEC-1024x443-300x130.png 300w, https:\/\/media1.stec.se\/2019\/01\/STEC-1024x443-768x332.png 768w\" sizes=\"auto, (max-width: 215px) 100vw, 215px\" \/><\/h3>\n<p><strong><span style=\"color: #000000;\">STEC ambition \u00e4r att kunna bjuda in publiken till en sev\u00e4rd sport och en trevlig racedag f\u00f6r alla \u00e5ldrar.\u00a0<\/span><\/strong><\/p>\n<p>Adresser och information om \u00e5rets banor\u00a0<strong><\/strong><\/p>\n<p><strong>Mantorp park <em><a href=\"https:\/\/rejsa.nu\/bana_info.asp?mantorp\">Klicka\u00a0<\/a><\/em><span style=\"color: #000000;\"><\/span><\/strong><\/p>\n<p><strong>Link\u00f6ping <a href=\"https:\/\/rejsa.nu\/bana_info.asp?sviestad\"><em>klicka<\/em><\/a><\/strong><\/p>\n<p><strong>V\u00e5lerbanan <a href=\"https:\/\/www.vaalerbanen.no\/\"><em>Klicka<\/em><\/a><\/strong><\/p>\n<p><strong>Mittsverige <a href=\"https:\/\/rejsa.nu\/bana_info.asp?mittsverige\"><em>klicka<\/em><\/a><\/strong><\/p>\n<p><strong>Gotland Ring <a href=\"https:\/\/rejsa.nu\/bana_info.asp?gotland\">Klicka\u00a0<\/a><\/strong><\/p>\n<p><strong>Kinnekulle Ring <a href=\"https:\/\/kinnekulle-ring.se\/\"><em>klicka<\/em><\/a><\/strong><\/p>\n<p><strong><\/strong><strong style=\"font-size: 14px;\">ACR Mo i rana <em><a href=\"https:\/\/www.acr.no\/en\">Klicka<\/a><\/em><\/strong><\/p>\n<p><strong>Motorport Norway<a href=\"https:\/\/www.motorcenternorway.no\/\"><em> Klicka\u00a0<\/em><\/a><\/strong><strong style=\"font-size: 14px;\"><em><\/em><\/strong><\/p>\n<p><strong>Rudkogen<a href=\"https:\/\/www.rudskogen.no\/\"><em> Klicka\u00a0<\/em><\/a><\/strong><\/p>\n<p><strong>Tierp Arena <a href=\"https:\/\/tierparena.com\/\"><em>Klicka\u00a0<\/em><\/a><\/strong><\/p>\n<p><strong><em><\/em><\/strong><\/p>\n<p><strong><span style=\"color: #000000;\"><\/span><\/strong><\/p>\n<p><span style=\"color: #000000;\"><strong><\/strong><\/span><\/p>\n<p><strong style=\"font-size: 14px;\"><\/strong><\/p>\n<p>[\/et_pb_text][et_pb_image src=&#8221;https:\/\/media1.stec.se\/2023\/03\/entrbiljett-framsida-scaled.jpg&#8221; url=&#8221;https:\/\/simplesignup.se\/event\/204216&#8243; _builder_version=&#8221;3.19.9&#8243;][\/et_pb_image][et_pb_text _builder_version=&#8221;3.19.9&#8243; link_option_url=&#8221;https:\/\/simplesignup.se\/events\/201033&#8243;]<\/p>\n<p><strong><em>Biljetter till STEC\u00a0 V\u00e4lkommen till en dag p\u00e5 banan &#8221;Racing \u00e4r b\u00e4st p\u00e5 plats&#8221;\u00a0 <a href=\"mailto:stec@stec.se\">stec@stec.se<\/a><\/em><\/strong><\/p>\n<p>[\/et_pb_text][et_pb_text _builder_version=&#8221;3.19.9&#8243;]<\/p>\n<p>\u00a0<em style=\"font-size: 14px;\"><strong>Kontakta oss p\u00e5 <a href=\"mailto:stec@stec.se\">stec@stec.se<\/a>\u00a0f\u00f6r info\u00a0<\/strong><\/em><\/p>\n<p><em><strong><\/strong><\/em><\/p>\n<p>[\/et_pb_text][et_pb_image src=&#8221;https:\/\/media1.stec.se\/2021\/07\/mittstart.jpg&#8221; _builder_version=&#8221;3.19.9&#8243;][\/et_pb_image][et_pb_text _builder_version=&#8221;3.19.9&#8243;]<\/p>\n<p><a href=\"https:\/\/simplesignup.se\/event\/194778-finalbankett-2022\"><strong><\/strong><\/a><\/p>\n<p>[\/et_pb_text][et_pb_text _builder_version=&#8221;3.19.9&#8243;][\/et_pb_text][et_pb_text _builder_version=&#8221;3.19.9&#8243;][\/et_pb_text][et_pb_text _builder_version=&#8221;3.19.9&#8243;][\/et_pb_text][et_pb_text _builder_version=&#8221;3.19.9&#8243;][\/et_pb_text][et_pb_image src=&#8221;http:\/\/media1.stec.se\/2021\/10\/Langlopp-racing-licens.png&#8221; _builder_version=&#8221;3.19.9&#8243;][\/et_pb_image][\/et_pb_column][et_pb_column type=&#8221;1_2&#8243; _builder_version=&#8221;3.19.9&#8243; parallax=&#8221;off&#8221; parallax_method=&#8221;on&#8221;][et_pb_image src=&#8221;https:\/\/media1.stec.se\/2025\/02\/qr-code-stec.png&#8221; align=&#8221;center&#8221; _builder_version=&#8221;3.19.9&#8243;][\/et_pb_image][et_pb_text _builder_version=&#8221;3.19.9&#8243;]<\/p>\n<p>F\u00f6lj de t\u00e4vlande resultat , varvtider direkt p\u00e5 telefon,dator,tv.\u00a0<\/p>\n<p>QR koden ovan tar dig direkt till resultat sidan eller <a href=\"https:\/\/my.raceresult.com\/groups\/6365\/\"><em>klicka h\u00e4r\u00a0<\/em><\/a><\/p>\n<p>[\/et_pb_text][\/et_pb_column][\/et_pb_row][et_pb_row _builder_version=&#8221;3.19.9&#8243;][et_pb_column type=&#8221;1_3&#8243; _builder_version=&#8221;3.19.9&#8243; parallax=&#8221;off&#8221; parallax_method=&#8221;on&#8221;][et_pb_image src=&#8221;https:\/\/media1.stec.se\/2023\/02\/skyltstallet.jpg&#8221; _builder_version=&#8221;3.19.9&#8243;][\/et_pb_image][\/et_pb_column][et_pb_column type=&#8221;1_3&#8243; _builder_version=&#8221;3.19.9&#8243; parallax=&#8221;off&#8221; parallax_method=&#8221;on&#8221;][et_pb_image src=&#8221;https:\/\/media1.stec.se\/2019\/04\/yokohama.jpg&#8221; _builder_version=&#8221;3.19.9&#8243;][\/et_pb_image][\/et_pb_column][et_pb_column type=&#8221;1_3&#8243; _builder_version=&#8221;3.19.9&#8243; parallax=&#8221;off&#8221; parallax_method=&#8221;on&#8221;][et_pb_image src=&#8221;https:\/\/media1.stec.se\/2022\/05\/tierp-arena.jpg&#8221; _builder_version=&#8221;3.19.9&#8243;][\/et_pb_image][\/et_pb_column][\/et_pb_row][et_pb_row custom_padding=&#8221;0|0px|27px|0px|false|false&#8221; _builder_version=&#8221;3.0.48&#8243; background_size=&#8221;initial&#8221; background_position=&#8221;top_left&#8221; background_repeat=&#8221;repeat&#8221;][et_pb_column type=&#8221;4_4&#8243; _builder_version=&#8221;3.0.47&#8243; parallax=&#8221;off&#8221; parallax_method=&#8221;on&#8221;][et_pb_divider _builder_version=&#8221;3.19.9&#8243;][\/et_pb_divider][et_pb_divider _builder_version=&#8221;3.19.9&#8243;][\/et_pb_divider][\/et_pb_column][\/et_pb_row][\/et_pb_section]<\/p>\n","protected":false},"excerpt":{"rendered":"<p>[et_pb_section fb_built=&#8221;1&#8243; _builder_version=&#8221;3.19.9&#8243; custom_margin=&#8221;0px|||&#8221; custom_padding=&#8221;0px|||&#8221;][et_pb_row custom_padding=&#8221;27px|0px|0|0px|false|false&#8221; _builder_version=&#8221;3.19.9&#8243;][et_pb_column type=&#8221;1_2&#8243; _builder_version=&#8221;3.19.9&#8243; parallax=&#8221;off&#8221; parallax_method=&#8221;on&#8221;][et_pb_text _builder_version=&#8221;3.19.9&#8243;] V\u00e4lkommen till banorna\u00a0 STEC ambition \u00e4r att kunna bjuda in publiken till en sev\u00e4rd sport och en trevlig racedag f\u00f6r alla \u00e5ldrar.\u00a0 Adresser och information om \u00e5rets banor\u00a0 Mantorp park Klicka\u00a0 Link\u00f6ping klicka V\u00e5lerbanan Klicka Mittsverige klicka Gotland Ring Klicka\u00a0 Kinnekulle Ring klicka [&hellip;]<\/p>\n","protected":false},"author":2,"featured_media":0,"parent":0,"menu_order":0,"comment_status":"closed","ping_status":"closed","template":"","meta":{"_et_pb_use_builder":"on","_et_pb_old_content":"","footnotes":""},"class_list":["post-11998","page","type-page","status-publish","hentry"],"aioseo_notices":[],"_links":{"self":[{"href":"https:\/\/stec.se\/en\/wp-json\/wp\/v2\/pages\/11998","targetHints":{"allow":["GET"]}}],"collection":[{"href":"https:\/\/stec.se\/en\/wp-json\/wp\/v2\/pages"}],"about":[{"href":"https:\/\/stec.se\/en\/wp-json\/wp\/v2\/types\/page"}],"author":[{"embeddable":true,"href":"https:\/\/stec.se\/en\/wp-json\/wp\/v2\/users\/2"}],"replies":[{"embeddable":true,"href":"https:\/\/stec.se\/en\/wp-json\/wp\/v2\/comments?post=11998"}],"version-history":[{"count":11,"href":"https:\/\/stec.se\/en\/wp-json\/wp\/v2\/pages\/11998\/revisions"}],"predecessor-version":[{"id":13583,"href":"https:\/\/stec.se\/en\/wp-json\/wp\/v2\/pages\/11998\/revisions\/13583"}],"wp:attachment":[{"href":"https:\/\/stec.se\/en\/wp-json\/wp\/v2\/media?parent=11998"}],"curies":[{"name":"wp","href":"https:\/\/api.w.org\/{rel}","templated":true}]}}