{"id":119,"date":"2019-01-28T10:38:32","date_gmt":"2019-01-28T10:38:32","guid":{"rendered":"http:\/\/husbilskungen.com\/?page_id=119"},"modified":"2026-04-13T06:35:59","modified_gmt":"2026-04-13T06:35:59","slug":"anmalning","status":"publish","type":"page","link":"https:\/\/stec.se\/en\/anmalning\/","title":{"rendered":"ANM\u00c4LAN"},"content":{"rendered":"<p>[et_pb_section fb_built=&#8221;1&#8243; _builder_version=&#8221;3.19.9&#8243; top_divider_style=&#8221;slant2&#8243; top_divider_color=&#8221;#0c71c3&#8243; top_divider_height=&#8221;39px&#8221; top_divider_flip=&#8221;horizontal&#8221; link_option_url=&#8221;<!-- Load Facebook SDK for JavaScript -->       <\/p>\n<div id=%22fb-root%22><\/div>\n<p>       <script>         window.fbAsyncInit = function() {           FB.init({             xfbml            : true,             version          : 'v7.0'           });         };          (function(d, s, id) {         var js, fjs = d.getElementsByTagName(s)%910%93;         if (d.getElementById(id)) return;         js = d.createElement(s); js.id = id;         js.src = 'https:\/\/connect.facebook.net\/sv_SE\/sdk\/xfbml.customerchat.js';         fjs.parentNode.insertBefore(js, fjs);       }(document, 'script', 'facebook-jssdk'));<\/script>        <!-- Your Chat Plugin code -->       <\/p>\n<div class=%22fb-customerchat%22         attribution=setup_tool         page_id=%22922170324560846%22   theme_color=%22#0084ff%22   logged_in_greeting=%22Hej kul du klickat in p\u00e5 STEC Hemsidan. Vad kan vi g\u00f6ra f\u00f6r dig idag?%22   logged_out_greeting=%22Hej kul du klickat in p\u00e5 STEC Hemsidan. Vad kan vi g\u00f6ra f\u00f6r dig idag?%22>       <\/div>\n<p>&#8221;][et_pb_row custom_padding=&#8221;27px|0px|0|18px|false|false&#8221; _builder_version=&#8221;3.19.9&#8243; link_option_url=&#8221;<!-- Load Facebook SDK for JavaScript -->       <\/p>\n<div id=%22fb-root%22><\/div>\n<p>       <script>         window.fbAsyncInit = function() {           FB.init({             xfbml            : true,             version          : 'v7.0'           });         };          (function(d, s, id) {         var js, fjs = d.getElementsByTagName(s)%910%93;         if (d.getElementById(id)) return;         js = d.createElement(s); js.id = id;         js.src = 'https:\/\/connect.facebook.net\/sv_SE\/sdk\/xfbml.customerchat.js';         fjs.parentNode.insertBefore(js, fjs);       }(document, 'script', 'facebook-jssdk'));<\/script>        <!-- Your Chat Plugin code -->       <\/p>\n<div class=%22fb-customerchat%22         attribution=setup_tool         page_id=%22922170324560846%22   theme_color=%22#0084ff%22   logged_in_greeting=%22Hej kul du klickat in p\u00e5 STEC Hemsidan. Vad kan vi g\u00f6ra f\u00f6r dig idag?%22   logged_out_greeting=%22Hej kul du klickat in p\u00e5 STEC Hemsidan. Vad kan vi g\u00f6ra f\u00f6r dig idag?%22>       <\/div>\n<p>&#8221;][et_pb_column type=&#8221;2_3&#8243; _builder_version=&#8221;3.0.47&#8243; parallax=&#8221;off&#8221; parallax_method=&#8221;on&#8221;][et_pb_text _builder_version=&#8221;3.19.9&#8243;][\/et_pb_text][et_pb_contact_form email=&#8221;stec@stec.se&#8221; title=&#8221;Anm\u00e4l dig h\u00e4r&#8221; success_message=&#8221;Din anm\u00e4lan har skickats!&#8221; submit_button_text=&#8221;Skicka&#8221; _builder_version=&#8221;3.19.9&#8243; title_font=&#8221;||||||||&#8221; form_field_font=&#8221;||||||||&#8221; form_field_font_size=&#8221;18px&#8221; form_field_line_height=&#8221;1.8em&#8221; custom_button=&#8221;on&#8221; button_text_color=&#8221;#ffffff&#8221; button_bg_color=&#8221;#003399&#8243; button_font=&#8221;||||||||&#8221; button_use_icon=&#8221;off&#8221;][et_pb_contact_field field_id=&#8221;Name&#8221; field_title=&#8221;Namn&#8221; _builder_version=&#8221;3.19.9&#8243; border_radii=&#8221;on||||&#8221; button_text_size__hover_enabled=&#8221;off&#8221; button_one_text_size__hover_enabled=&#8221;off&#8221; button_two_text_size__hover_enabled=&#8221;off&#8221; button_text_color__hover_enabled=&#8221;off&#8221; button_one_text_color__hover_enabled=&#8221;off&#8221; button_two_text_color__hover_enabled=&#8221;off&#8221; button_border_width__hover_enabled=&#8221;off&#8221; button_one_border_width__hover_enabled=&#8221;off&#8221; button_two_border_width__hover_enabled=&#8221;off&#8221; button_border_color__hover_enabled=&#8221;off&#8221; button_one_border_color__hover_enabled=&#8221;off&#8221; button_two_border_color__hover_enabled=&#8221;off&#8221; button_border_radius__hover_enabled=&#8221;off&#8221; button_one_border_radius__hover_enabled=&#8221;off&#8221; button_two_border_radius__hover_enabled=&#8221;off&#8221; button_letter_spacing__hover_enabled=&#8221;off&#8221; button_one_letter_spacing__hover_enabled=&#8221;off&#8221; button_two_letter_spacing__hover_enabled=&#8221;off&#8221; button_bg_color__hover_enabled=&#8221;off&#8221; button_one_bg_color__hover_enabled=&#8221;off&#8221; button_two_bg_color__hover_enabled=&#8221;off&#8221;][\/et_pb_contact_field][et_pb_contact_field field_id=&#8221;Email&#8221; field_title=&#8221;E-postadress&#8221; field_type=&#8221;email&#8221; _builder_version=&#8221;3.19.9&#8243; border_radii=&#8221;on||||&#8221; button_text_size__hover_enabled=&#8221;off&#8221; button_one_text_size__hover_enabled=&#8221;off&#8221; button_two_text_size__hover_enabled=&#8221;off&#8221; button_text_color__hover_enabled=&#8221;off&#8221; button_one_text_color__hover_enabled=&#8221;off&#8221; button_two_text_color__hover_enabled=&#8221;off&#8221; button_border_width__hover_enabled=&#8221;off&#8221; button_one_border_width__hover_enabled=&#8221;off&#8221; button_two_border_width__hover_enabled=&#8221;off&#8221; button_border_color__hover_enabled=&#8221;off&#8221; button_one_border_color__hover_enabled=&#8221;off&#8221; button_two_border_color__hover_enabled=&#8221;off&#8221; button_border_radius__hover_enabled=&#8221;off&#8221; button_one_border_radius__hover_enabled=&#8221;off&#8221; button_two_border_radius__hover_enabled=&#8221;off&#8221; button_letter_spacing__hover_enabled=&#8221;off&#8221; button_one_letter_spacing__hover_enabled=&#8221;off&#8221; button_two_letter_spacing__hover_enabled=&#8221;off&#8221; button_bg_color__hover_enabled=&#8221;off&#8221; button_one_bg_color__hover_enabled=&#8221;off&#8221; button_two_bg_color__hover_enabled=&#8221;off&#8221;][\/et_pb_contact_field][et_pb_contact_field field_id=&#8221;Teamname&#8221; field_title=&#8221;Teamnamn&#8221; fullwidth_field=&#8221;on&#8221; _builder_version=&#8221;3.19.9&#8243;][\/et_pb_contact_field][et_pb_contact_field field_id=&#8221;Phone&#8221; field_title=&#8221;Telefonnummer&#8221; required_mark=&#8221;off&#8221; fullwidth_field=&#8221;on&#8221; _builder_version=&#8221;3.19.9&#8243;][\/et_pb_contact_field][et_pb_contact_field field_id=&#8221;Payment_method&#8221; field_title=&#8221;Betalningsmetod&#8221; field_type=&#8221;radio&#8221; radio_options=&#8221;%91{%22value%22:%22Swish%22,%22checked%22:0,%22dragID%22:-1},{%22value%22:%22Kontant%22,%22checked%22:0,%22dragID%22:0},{%22value%22:%22Faktura%22,%22checked%22:0,%22dragID%22:1}%93&#8243; required_mark=&#8221;off&#8221; fullwidth_field=&#8221;on&#8221; _builder_version=&#8221;3.19.9&#8243;][\/et_pb_contact_field][et_pb_contact_field field_id=&#8221;Additional&#8221; field_title=&#8221;Namn Personnummer F\u00f6rs\u00e4kring 6 siffror \u00e5r m\u00e5nad datum&#8221; field_type=&#8221;text&#8221; required_mark=&#8221;off&#8221; fullwidth_field=&#8221;on&#8221; _builder_version=&#8221;3.19.9&#8243;][\/et_pb_contact_field][\/et_pb_contact_form][et_pb_text _builder_version=&#8221;3.19.9&#8243; header_text_shadow_style=&#8221;preset2&#8243; header_text_shadow_color=&#8221;#d6d6d6&#8243;][\/et_pb_text][et_pb_text _builder_version=&#8221;3.19.9&#8243;]<\/p>\n<p><strong style=\"font-family: 'Courier New', monospace; font-size: 14px;\"><span style=\"color: #e02b20; font-size: x-large;\">STEC Egenkontroll<\/span><span style=\"color: #e02b20; font-size: x-large;\"><a href=\"https:\/\/docs.google.com\/spreadsheets\/d\/1Q5hC-uGJHOImKMB7MP8RBbGWNLfdONX1H1Bho8ipU1U\/\" style=\"color: #e02b20;\" target=\"_blank\" rel=\"noopener\"><span style=\"text-decoration-line: underline;\"><em><\/em><\/span><\/a><\/span><\/strong><\/p>\n<p><strong><\/strong><\/p>\n<p>[\/et_pb_text][et_pb_button button_url=&#8221;https:\/\/stec.se\/egen-kontroll&#8221; button_text=&#8221;Klicka h\u00e4r&#8221; _builder_version=&#8221;3.19.9&#8243;][\/et_pb_button][et_pb_text _builder_version=&#8221;3.19.9&#8243;]<\/p>\n<blockquote><\/blockquote>\n<p>Printa ut hemma i lugn och ro. G\u00e5 igenom bilen innan t\u00e4vling och l\u00e4mna detta blad i besiktningen.\u00a0<\/p>\n<blockquote><\/blockquote>\n<p><strong><\/strong><\/p>\n<p>[\/et_pb_text][et_pb_text _builder_version=&#8221;3.19.9&#8243;]<\/p>\n<p><strong style=\"font-family: 'Courier New', monospace; font-size: 14px;\"><span style=\"color: #e02b20; font-size: x-large;\">STEC lICENSKURS DIGITAL TEORI<\/span><\/strong><\/p>\n<p><strong><\/strong><\/p>\n<p>[\/et_pb_text][et_pb_button button_url=&#8221;https:\/\/forms.gle\/36Zjby3yzq27s3oy6&#8243; button_text=&#8221;Klicka h\u00e4r&#8221; _builder_version=&#8221;3.19.9&#8243;]<\/p>\n<blockquote><\/blockquote>\n<p>Printa ut hemma i lugn och ro. G\u00e5 igenom bilen innan t\u00e4vling och l\u00e4mna detta blad i besiktningen.\u00a0<\/p>\n<p><strong>Licenskurs digital finner du h\u00e4r inf\u00f6r din f\u00f6rsta t\u00e4vling<a href=\"https:\/\/forms.gle\/36Zjby3yzq27s3oy6\"> klicka\u00a0<\/a><\/strong><\/p>\n<blockquote><\/blockquote>\n<p><strong><\/strong><\/p>\n<p>[\/et_pb_button][et_pb_text _builder_version=&#8221;3.19.9&#8243;][\/et_pb_text][et_pb_text _builder_version=&#8221;3.19.9&#8243;][\/et_pb_text][et_pb_text _builder_version=&#8221;3.19.9&#8243;][\/et_pb_text][et_pb_text _builder_version=&#8221;3.19.9&#8243;][\/et_pb_text][et_pb_text _builder_version=&#8221;3.19.9&#8243;]<\/p>\n<p>Samverkan skapar gemensam framg\u00e5ng. STEC \u00e4r mycket \u00f6ppna inf\u00f6r positiva win-win situationer\u00a0<\/p>\n<p>kontakt med f\u00f6retag , gruppbiljetter , f\u00f6reningar klicka f\u00f6r ett f\u00f6rsta <a href=\"mailto:stec@stec.se\"><em><strong>e-mail stec@stec.se<\/strong><\/em><\/a><\/p>\n<p>[\/et_pb_text][et_pb_image src=&#8221;https:\/\/media1.stec.se\/2025\/10\/mantorp.png&#8221; _builder_version=&#8221;3.19.9&#8243;][\/et_pb_image][et_pb_image src=&#8221;https:\/\/media1.stec.se\/2026\/04\/Tavlings-PM-Mantop-19-april-3.png&#8221; _builder_version=&#8221;3.19.9&#8243; max_width=&#8221;51%&#8221;][\/et_pb_image][et_pb_text _builder_version=&#8221;3.19.9&#8243;]<\/p>\n<p>T\u00e4vlings pm f\u00f6r mantorp finner du h\u00e4r <a href=\"https:\/\/canva.link\/7hn6p7b8sc1j0i6\">Klicka<\/a><\/p>\n<p>&nbsp;<\/p>\n<p>&nbsp;<\/p>\n<p>[\/et_pb_text][\/et_pb_column][et_pb_column type=&#8221;1_3&#8243; _builder_version=&#8221;3.0.47&#8243; parallax=&#8221;off&#8221; parallax_method=&#8221;on&#8221;][et_pb_text _builder_version=&#8221;3.19.9&#8243; text_text_color=&#8221;#000000&#8243; header_text_shadow_style=&#8221;preset2&#8243; header_text_shadow_color=&#8221;#d6d6d6&#8243;][\/et_pb_text][et_pb_text _builder_version=&#8221;3.19.9&#8243;][\/et_pb_text][et_pb_image src=&#8221;https:\/\/media1.stec.se\/2021\/05\/linkoping-e1637767588869.png&#8221; _builder_version=&#8221;3.19.9&#8243;][\/et_pb_image][et_pb_image src=&#8221;https:\/\/media1.stec.se\/2026\/01\/Tavlings-PM-Linkoping-16-maj-2.png&#8221; _builder_version=&#8221;3.19.9&#8243;][\/et_pb_image][et_pb_text _builder_version=&#8221;3.19.9&#8243;]<\/p>\n<p>T\u00e4vlings pm f\u00f6r Link\u00f6ping finner du h\u00e4r<a href=\"https:\/\/www.canva.com\/design\/DAG_ylkr9Cg\/AR8CCQj8uMUnKCKTbv-nPw\/view?utm_content=DAG_ylkr9Cg&amp;utm_campaign=designshare&amp;utm_medium=link2&amp;utm_source=uniquelinks&amp;utlId=h71b0563169\"> Klicka<\/a><\/p>\n<p>[\/et_pb_text][et_pb_text _builder_version=&#8221;3.19.9&#8243;]<\/p>\n<p>Testdag p\u00e5 bana heldag med tidtagning\u00a0<\/p>\n<p>Trollh\u00e4ttan 1 Maj\u00a0<\/p>\n<p>Anm\u00e4lan <a href=\"https:\/\/simplesignup.se\/event\/231694-testtune-rally-racing-gatbilar?fbclid=IwY2xjawOEZoZleHRuA2FlbQIxMABicmlkETFaM2N6d3Q0QmNQdUYzYUxQc3J0YwZhcHBfaWQQMjIyMDM5MTc4ODIwMDg5MgABHveUMxmr3Y5Kwg9AsB3S7sdnheJAQQ-Vq1z4tZE3n_k1Ziz51T0VBwhj9jvj_aem_ToiMEgt56rSNLOEaKYEoCg\">Klicka\u00a0<\/a><\/p>\n<p>&nbsp;<\/p>\n<p>[\/et_pb_text][et_pb_text _builder_version=&#8221;3.19.9&#8243; link_option_url=&#8221;http:\/\/media1.stec.se\/2022\/10\/car-rental-1.pdf&#8221;][\/et_pb_text][et_pb_text _builder_version=&#8221;3.19.9&#8243;]<\/p>\n<p><strong>Priser att t\u00e4vla i STEC 2026\u00a0<\/strong><\/p>\n<p>2 timmars 2500<\/p>\n<p>4 timmars 5000<\/p>\n<p>6 timmars 6000<\/p>\n<p>f\u00f6rs\u00e4kring 250<\/p>\n<p>Kraschfond 1000 en s\u00e4song.\u00a0<\/p>\n<p>Transponder\u00a0 1000 kr\u00a0<\/p>\n<p>L\u00e5n av transponder 1 dag 300 kr<\/p>\n<p>L\u00e5n av f\u00f6rarutrustning 300<\/p>\n<p>kan \u00e4ven betalas i euro f\u00f6r Norska v\u00e4nner<span style=\"font-size: 14px;\"><\/span><\/p>\n<p><span><\/span><\/p>\n<p>F\u00f6retagsfakturering g\u00e5r bra\u00a0<\/p>\n<p><span style=\"text-decoration: underline;\"><em><strong><\/strong><\/em><\/span><\/p>\n<p>[\/et_pb_text][et_pb_text _builder_version=&#8221;3.19.9&#8243;][\/et_pb_text][et_pb_code _builder_version=&#8221;3.19.9&#8243;][\/et_pb_code][\/et_pb_column][\/et_pb_row][\/et_pb_section]<\/p>\n","protected":false},"excerpt":{"rendered":"<p>[et_pb_section fb_built=&#8221;1&#8243; _builder_version=&#8221;3.19.9&#8243; top_divider_style=&#8221;slant2&#8243; top_divider_color=&#8221;#0c71c3&#8243; top_divider_height=&#8221;39px&#8221; top_divider_flip=&#8221;horizontal&#8221; link_option_url=&#8221; &#8221;][et_pb_row custom_padding=&#8221;27px|0px|0|18px|false|false&#8221; _builder_version=&#8221;3.19.9&#8243; link_option_url=&#8221; &#8221;][et_pb_column type=&#8221;2_3&#8243; _builder_version=&#8221;3.0.47&#8243; parallax=&#8221;off&#8221; parallax_method=&#8221;on&#8221;][et_pb_text _builder_version=&#8221;3.19.9&#8243;][\/et_pb_text][et_pb_contact_form email=&#8221;stec@stec.se&#8221; title=&#8221;Anm\u00e4l dig h\u00e4r&#8221; success_message=&#8221;Din anm\u00e4lan har skickats!&#8221; submit_button_text=&#8221;Skicka&#8221; _builder_version=&#8221;3.19.9&#8243; title_font=&#8221;||||||||&#8221; form_field_font=&#8221;||||||||&#8221; form_field_font_size=&#8221;18px&#8221; form_field_line_height=&#8221;1.8em&#8221; custom_button=&#8221;on&#8221; button_text_color=&#8221;#ffffff&#8221; button_bg_color=&#8221;#003399&#8243; button_font=&#8221;||||||||&#8221; button_use_icon=&#8221;off&#8221;][et_pb_contact_field field_id=&#8221;Name&#8221; field_title=&#8221;Namn&#8221; _builder_version=&#8221;3.19.9&#8243; border_radii=&#8221;on||||&#8221; button_text_size__hover_enabled=&#8221;off&#8221; button_one_text_size__hover_enabled=&#8221;off&#8221; button_two_text_size__hover_enabled=&#8221;off&#8221; button_text_color__hover_enabled=&#8221;off&#8221; button_one_text_color__hover_enabled=&#8221;off&#8221; button_two_text_color__hover_enabled=&#8221;off&#8221; button_border_width__hover_enabled=&#8221;off&#8221; button_one_border_width__hover_enabled=&#8221;off&#8221; button_two_border_width__hover_enabled=&#8221;off&#8221; button_border_color__hover_enabled=&#8221;off&#8221; button_one_border_color__hover_enabled=&#8221;off&#8221; button_two_border_color__hover_enabled=&#8221;off&#8221; button_border_radius__hover_enabled=&#8221;off&#8221; button_one_border_radius__hover_enabled=&#8221;off&#8221; [&hellip;]<\/p>\n","protected":false},"author":2,"featured_media":0,"parent":0,"menu_order":0,"comment_status":"closed","ping_status":"closed","template":"","meta":{"_et_pb_use_builder":"on","_et_pb_old_content":"","footnotes":""},"class_list":["post-119","page","type-page","status-publish","hentry"],"aioseo_notices":[],"_links":{"self":[{"href":"https:\/\/stec.se\/en\/wp-json\/wp\/v2\/pages\/119","targetHints":{"allow":["GET"]}}],"collection":[{"href":"https:\/\/stec.se\/en\/wp-json\/wp\/v2\/pages"}],"about":[{"href":"https:\/\/stec.se\/en\/wp-json\/wp\/v2\/types\/page"}],"author":[{"embeddable":true,"href":"https:\/\/stec.se\/en\/wp-json\/wp\/v2\/users\/2"}],"replies":[{"embeddable":true,"href":"https:\/\/stec.se\/en\/wp-json\/wp\/v2\/comments?post=119"}],"version-history":[{"count":1006,"href":"https:\/\/stec.se\/en\/wp-json\/wp\/v2\/pages\/119\/revisions"}],"predecessor-version":[{"id":15395,"href":"https:\/\/stec.se\/en\/wp-json\/wp\/v2\/pages\/119\/revisions\/15395"}],"wp:attachment":[{"href":"https:\/\/stec.se\/en\/wp-json\/wp\/v2\/media?parent=119"}],"curies":[{"name":"wp","href":"https:\/\/api.w.org\/{rel}","templated":true}]}}