{"id":10939,"date":"2023-03-09T19:32:00","date_gmt":"2023-03-09T19:32:00","guid":{"rendered":"https:\/\/stec.se\/?page_id=10939"},"modified":"2024-11-03T14:04:38","modified_gmt":"2024-11-03T14:04:38","slug":"historisk-racing","status":"publish","type":"page","link":"https:\/\/stec.se\/en\/historisk-racing\/","title":{"rendered":"HISTORISK RACING"},"content":{"rendered":"<p>&nbsp;<\/p>\n<p>Bilar byggda innan 1996\u00a0 v\u00e4lkommen till STEC Historisk Racing.<\/p>\n<p>Det finns m\u00e5nga fina bilar och f\u00f6rare som vi g\u00e4rna ser aktiva p\u00e5 banorna.<\/p>\n<p>Samma enkla regler bur,stol,b\u00e4lte av racing modell sen \u00e4r resten hyfsat fritt.<\/p>\n<p>Banans milj\u00f6tillst\u00e5nd f\u00f6ljer vi slaviskt d\u00e5 vi inte \u00e4ventyrar m\u00f6jligheter att bedriva bilsporten i framtiden.<\/p>\n<p>Samma klassindelning som \u00f6vriga stec med A-B-C och vi ser detta som mycket positivt att kunna vara en del inom den historiska klasserna.<\/p>\n<p>Obs ingen HTP krav ? Detta ser vi enbart som f\u00f6rh\u00f6jda kostnader f\u00f6r de aktiva som vill k\u00f6ra nationell racing.<\/p>\n<p>Kalendern \u00e4r lika f\u00f6r \u00f6vriga stec\u00a0 varmt v\u00e4lkommen till banorna med historiska bilar.<\/p>\n<p>kontakt <strong><a href=\"mailto:stec@stec.se\">stec@stec.se<\/a><\/strong><\/p>\n<p>Reportage inf\u00f6r 2025 <a href=\"https:\/\/www.motorextra.se\/tidens-vingslag-pa-banorna-stec-historic-racing-2025\/?fbclid=IwY2xjawGUYexleHRuA2FlbQIxMAABHUW3Mp8SfOkALTF4noJdOxsdpfpkIo_pw6f0kd3Gth19AaoD33-pROIXiQ_aem_UINLO_BTGjsdxV4B0UDO0Q\"><em><strong>Click\u00a0<\/strong><\/em><\/a><\/p>\n<p>Anm\u00e4lan\u00a0<strong> <a href=\"https:\/\/stec.se\/en\/anmalning\/\">Click\u00a0<\/a><\/strong><\/p>\n<p>Klassindelning<strong><a href=\"https:\/\/stec.se\/en\/stec-rattvis-racing\/\"> Click<\/a><\/strong><\/p>\n<p><img loading=\"lazy\" decoding=\"async\" class=\"alignnone size-medium wp-image-8698\" src=\"https:\/\/media1.stec.se\/2021\/07\/stefan-225x300.jpg\" alt=\"\" width=\"225\" height=\"300\" srcset=\"https:\/\/media1.stec.se\/2021\/07\/stefan-225x300.jpg 225w, https:\/\/media1.stec.se\/2021\/07\/stefan.jpg 526w\" sizes=\"auto, (max-width: 225px) 100vw, 225px\" \/><\/p>\n<p>&nbsp;<\/p>\n<p>&nbsp;<\/p>","protected":false},"excerpt":{"rendered":"<p>&nbsp; Bilar byggda innan 1996\u00a0 v\u00e4lkommen till STEC Historisk Racing. Det finns m\u00e5nga fina bilar och f\u00f6rare som vi g\u00e4rna ser aktiva p\u00e5 banorna. Samma enkla regler bur,stol,b\u00e4lte av racing modell sen \u00e4r resten hyfsat fritt. Banans milj\u00f6tillst\u00e5nd f\u00f6ljer vi slaviskt d\u00e5 vi inte \u00e4ventyrar m\u00f6jligheter att bedriva bilsporten i framtiden. Samma klassindelning som \u00f6vriga [&hellip;]<\/p>\n","protected":false},"author":2,"featured_media":0,"parent":0,"menu_order":0,"comment_status":"closed","ping_status":"closed","template":"","meta":{"_et_pb_use_builder":"","_et_pb_old_content":"","footnotes":""},"class_list":["post-10939","page","type-page","status-publish","hentry"],"aioseo_notices":[],"_links":{"self":[{"href":"https:\/\/stec.se\/en\/wp-json\/wp\/v2\/pages\/10939","targetHints":{"allow":["GET"]}}],"collection":[{"href":"https:\/\/stec.se\/en\/wp-json\/wp\/v2\/pages"}],"about":[{"href":"https:\/\/stec.se\/en\/wp-json\/wp\/v2\/types\/page"}],"author":[{"embeddable":true,"href":"https:\/\/stec.se\/en\/wp-json\/wp\/v2\/users\/2"}],"replies":[{"embeddable":true,"href":"https:\/\/stec.se\/en\/wp-json\/wp\/v2\/comments?post=10939"}],"version-history":[{"count":7,"href":"https:\/\/stec.se\/en\/wp-json\/wp\/v2\/pages\/10939\/revisions"}],"predecessor-version":[{"id":13336,"href":"https:\/\/stec.se\/en\/wp-json\/wp\/v2\/pages\/10939\/revisions\/13336"}],"wp:attachment":[{"href":"https:\/\/stec.se\/en\/wp-json\/wp\/v2\/media?parent=10939"}],"curies":[{"name":"wp","href":"https:\/\/api.w.org\/{rel}","templated":true}]}}