{"id":10720,"date":"2023-01-05T10:41:40","date_gmt":"2023-01-05T10:41:40","guid":{"rendered":"https:\/\/stec.se\/?page_id=10720"},"modified":"2026-03-31T09:29:56","modified_gmt":"2026-03-31T09:29:56","slug":"trackday","status":"publish","type":"page","link":"https:\/\/stec.se\/en\/trackday\/","title":{"rendered":"TRACKDAY 500 KR"},"content":{"rendered":"<p>[et_pb_section fb_built=&#8221;1&#8243; _builder_version=&#8221;3.19.9&#8243; top_divider_style=&#8221;slant2&#8243; top_divider_color=&#8221;#0c71c3&#8243; top_divider_height=&#8221;39px&#8221; top_divider_flip=&#8221;horizontal&#8221; link_option_url=&#8221;<!-- Load Facebook SDK for JavaScript -->       <\/p>\n<div id=%22fb-root%22><\/div>\n<p>       <script>         window.fbAsyncInit = function() {           FB.init({             xfbml            : true,             version          : 'v7.0'           });         };          (function(d, s, id) {         var js, fjs = d.getElementsByTagName(s)%910%93;         if (d.getElementById(id)) return;         js = d.createElement(s); js.id = id;         js.src = 'https:\/\/connect.facebook.net\/sv_SE\/sdk\/xfbml.customerchat.js';         fjs.parentNode.insertBefore(js, fjs);       }(document, 'script', 'facebook-jssdk'));<\/script>        <!-- Your Chat Plugin code -->       <\/p>\n<div class=%22fb-customerchat%22         attribution=setup_tool         page_id=%22922170324560846%22   theme_color=%22#0084ff%22   logged_in_greeting=%22Hej kul du klickat in p\u00e5 STEC Hemsidan. Vad kan vi g\u00f6ra f\u00f6r dig idag?%22   logged_out_greeting=%22Hej kul du klickat in p\u00e5 STEC Hemsidan. Vad kan vi g\u00f6ra f\u00f6r dig idag?%22>       <\/div>\n<p>&#8221;][et_pb_row _builder_version=&#8221;3.19.9&#8243;][et_pb_column type=&#8221;1_2&#8243; _builder_version=&#8221;3.19.9&#8243; parallax=&#8221;off&#8221; parallax_method=&#8221;on&#8221;][et_pb_image src=&#8221;https:\/\/media1.stec.se\/2019\/10\/glad-tjej.jpg&#8221; _builder_version=&#8221;3.19.9&#8243;][\/et_pb_image][et_pb_text _builder_version=&#8221;3.19.9&#8243;]<\/p>\n<p><strong>Trackday med STEC \u00e4r en m\u00f6jlighet f\u00f6r alla f\u00f6rare att k\u00f6ra p\u00e5 bana.\u00a0<\/strong><\/p>\n<p><strong>Du k\u00f6r med eller utan tidtagning f\u00f6r dig sj\u00e4lv <\/strong><\/p>\n<p><strong>test p\u00e5 morgonen\u00a0<\/strong><\/p>\n<p><strong style=\"font-size: 14px;\">Lunchk\u00f6rningen under hela 55 Minuter i pausen p\u00e5 stec Endurance.<\/strong><\/p>\n<p><strong>F\u00f6rars\u00e4kerhet!\u00a0<\/strong><\/p>\n<p><strong>Samtliga f\u00f6rare skall ha som minimum s\u00e4kerhet hj\u00e4lm<\/strong><\/p>\n<p><strong>Alla typer av bilar g\u00e5r bra och vi f\u00f6ljer arenans bullerkrav.<\/strong><\/p>\n<p><strong>Anm\u00e4lan sker p\u00e5 E-Mail\u00a0\u00a0<a href=\"mailto:stec@stec.se\">stec@stec.se<\/a><\/strong><\/p>\n<p><strong>Dela bil g\u00e5r bra\u00a0<\/strong><\/p>\n<p><strong>Obs tiderna f\u00f6r dagen kommer du f\u00e5 p\u00e5 din E-mail varieras p\u00e5 de olika banorna det beh\u00f6vs inget k\u00f6rkort och racinglicens ing\u00e5r. G\u00e4ller alla datum som stec t\u00e4vlar under s\u00e4songen.\u00a0 Trackday platserna \u00e4r begr\u00e4nsade och k\u00f6rtiderna \u00e4r olika s\u00e5 l\u00e4s alltid din information som du f\u00e5r i samband med anm\u00e4lan som alltid sker p\u00e5 e-mail.\u00a0<\/strong><\/p>\n<p><span style=\"font-size: large;\"><strong><span style=\"text-decoration: underline;\"><em><a href=\"https:\/\/motorextra.se\/stec-time-attack-2024-en-adrenalinfylld-racingfest-for-alla-forare\/\"><\/a><\/em><\/span><\/strong><\/span><\/p>\n<p>[\/et_pb_text][et_pb_text _builder_version=&#8221;3.19.9&#8243;]<\/p>\n<p>Anm\u00e4lan f\u00f6r att k\u00f6ra\u00a0<\/p>\n<p>Namn , fordon , erfarenhet och vilka banor du vill k\u00f6ra p\u00e5.\u00a0<\/p>\n<p>V\u00e4lkommen g\u00e5r \u00e4ven bra att ringa 018-265 06 41\u00a0<\/p>\n<p>&nbsp;<\/p>\n<p>&nbsp;<\/p>\n<p>&nbsp;<\/p>\n<p>[\/et_pb_text][et_pb_text _builder_version=&#8221;3.19.9&#8243;][\/et_pb_text][\/et_pb_column][et_pb_column type=&#8221;1_2&#8243; _builder_version=&#8221;3.19.9&#8243; parallax=&#8221;off&#8221; parallax_method=&#8221;on&#8221;][et_pb_text _builder_version=&#8221;3.19.9&#8243;]<\/p>\n<p><strong>Kostnadsfri Licenskurs 18 April i Mantorp park\u00a0 \u00a0 <a href=\"stec@stec.se\">anm\u00e4lan klicka\u00a0<\/a><\/strong><\/p>\n<p>[\/et_pb_text][et_pb_image src=&#8221;https:\/\/media1.stec.se\/2019\/12\/racing-rules.png&#8221; _builder_version=&#8221;3.19.9&#8243;][\/et_pb_image][et_pb_image src=&#8221;https:\/\/media1.stec.se\/2019\/05\/amy.jpg&#8221; _builder_version=&#8221;3.19.9&#8243;][\/et_pb_image][et_pb_image src=&#8221;https:\/\/media1.stec.se\/2025\/10\/paydrive-2026-scaled.png&#8221; _builder_version=&#8221;3.19.9&#8243;][\/et_pb_image][\/et_pb_column][\/et_pb_row][et_pb_row _builder_version=&#8221;3.19.9&#8243;][et_pb_column type=&#8221;1_2&#8243; _builder_version=&#8221;3.19.9&#8243; parallax=&#8221;off&#8221; parallax_method=&#8221;on&#8221;][\/et_pb_column][et_pb_column type=&#8221;1_2&#8243; _builder_version=&#8221;3.19.9&#8243; parallax=&#8221;off&#8221; parallax_method=&#8221;on&#8221;][\/et_pb_column][\/et_pb_row][\/et_pb_section]<\/p>\n","protected":false},"excerpt":{"rendered":"<p>[et_pb_section fb_built=&#8221;1&#8243; _builder_version=&#8221;3.19.9&#8243; top_divider_style=&#8221;slant2&#8243; top_divider_color=&#8221;#0c71c3&#8243; top_divider_height=&#8221;39px&#8221; top_divider_flip=&#8221;horizontal&#8221; link_option_url=&#8221; &#8221;][et_pb_row _builder_version=&#8221;3.19.9&#8243;][et_pb_column type=&#8221;1_2&#8243; _builder_version=&#8221;3.19.9&#8243; parallax=&#8221;off&#8221; parallax_method=&#8221;on&#8221;][et_pb_image src=&#8221;https:\/\/media1.stec.se\/2019\/10\/glad-tjej.jpg&#8221; _builder_version=&#8221;3.19.9&#8243;][\/et_pb_image][et_pb_text _builder_version=&#8221;3.19.9&#8243;] Trackday med STEC \u00e4r en m\u00f6jlighet f\u00f6r alla f\u00f6rare att k\u00f6ra p\u00e5 bana.\u00a0 Du k\u00f6r med eller utan tidtagning f\u00f6r dig sj\u00e4lv test p\u00e5 morgonen\u00a0 Lunchk\u00f6rningen under hela 55 Minuter i pausen p\u00e5 stec Endurance. F\u00f6rars\u00e4kerhet!\u00a0 Samtliga f\u00f6rare [&hellip;]<\/p>\n","protected":false},"author":2,"featured_media":0,"parent":0,"menu_order":0,"comment_status":"closed","ping_status":"closed","template":"","meta":{"_et_pb_use_builder":"on","_et_pb_old_content":"","footnotes":""},"class_list":["post-10720","page","type-page","status-publish","hentry"],"aioseo_notices":[],"_links":{"self":[{"href":"https:\/\/stec.se\/en\/wp-json\/wp\/v2\/pages\/10720","targetHints":{"allow":["GET"]}}],"collection":[{"href":"https:\/\/stec.se\/en\/wp-json\/wp\/v2\/pages"}],"about":[{"href":"https:\/\/stec.se\/en\/wp-json\/wp\/v2\/types\/page"}],"author":[{"embeddable":true,"href":"https:\/\/stec.se\/en\/wp-json\/wp\/v2\/users\/2"}],"replies":[{"embeddable":true,"href":"https:\/\/stec.se\/en\/wp-json\/wp\/v2\/comments?post=10720"}],"version-history":[{"count":36,"href":"https:\/\/stec.se\/en\/wp-json\/wp\/v2\/pages\/10720\/revisions"}],"predecessor-version":[{"id":15386,"href":"https:\/\/stec.se\/en\/wp-json\/wp\/v2\/pages\/10720\/revisions\/15386"}],"wp:attachment":[{"href":"https:\/\/stec.se\/en\/wp-json\/wp\/v2\/media?parent=10720"}],"curies":[{"name":"wp","href":"https:\/\/api.w.org\/{rel}","templated":true}]}}